{"id":9315,"date":"2025-12-29T10:01:51","date_gmt":"2025-12-29T09:01:51","guid":{"rendered":"https:\/\/saintremaclestavelot.be\/secondaire\/?page_id=9315"},"modified":"2026-03-31T20:25:14","modified_gmt":"2026-03-31T18:25:14","slug":"1ere-tronc-commun","status":"publish","type":"page","link":"https:\/\/saintremaclestavelot.be\/secondaire\/programmes-scolaires\/1ere-tronc-commun\/","title":{"rendered":"1\u00e8re Tronc Commun"},"content":{"rendered":"\t\t<div data-elementor-type=\"wp-page\" data-elementor-id=\"9315\" class=\"elementor elementor-9315\" data-elementor-post-type=\"page\">\n\t\t\t\t<div class=\"elementor-element elementor-element-8686736 e-flex e-con-boxed e-con e-parent\" data-id=\"8686736\" data-element_type=\"container\" data-e-type=\"container\">\n\t\t\t\t\t<div class=\"e-con-inner\">\n\t\t\t\t<div class=\"elementor-element elementor-element-6e2bb03 elementor-widget elementor-widget-spacer\" data-id=\"6e2bb03\" data-element_type=\"widget\" data-e-type=\"widget\" data-widget_type=\"spacer.default\">\n\t\t\t\t<div class=\"elementor-widget-container\">\n\t\t\t\t\t\t\t<div class=\"elementor-spacer\">\n\t\t\t<div class=\"elementor-spacer-inner\"><\/div>\n\t\t<\/div>\n\t\t\t\t\t\t<\/div>\n\t\t\t\t<\/div>\n\t\t\t\t<div class=\"elementor-element elementor-element-ec80560 elementor-widget elementor-widget-heading\" data-id=\"ec80560\" data-element_type=\"widget\" data-e-type=\"widget\" data-widget_type=\"heading.default\">\n\t\t\t\t<div class=\"elementor-widget-container\">\n\t\t\t\t\t<h1 class=\"elementor-heading-title elementor-size-default\">1\u00e8re ann\u00e9e TRONC COMMUN<\/h1>\t\t\t\t<\/div>\n\t\t\t\t<\/div>\n\t\t\t\t\t<\/div>\n\t\t\t\t<\/div>\n\t\t<div class=\"elementor-element elementor-element-2e31bba e-flex e-con-boxed e-con e-parent\" data-id=\"2e31bba\" data-element_type=\"container\" data-e-type=\"container\">\n\t\t\t\t\t<div class=\"e-con-inner\">\n\t\t<div class=\"elementor-element elementor-element-92a44bc e-flex e-con-boxed e-con e-child\" data-id=\"92a44bc\" data-element_type=\"container\" data-e-type=\"container\">\n\t\t\t\t\t<div class=\"e-con-inner\">\n\t\t\t\t\t<\/div>\n\t\t\t\t<\/div>\n\t\t<div class=\"elementor-element elementor-element-534996b e-flex e-con-boxed e-con e-child\" data-id=\"534996b\" data-element_type=\"container\" data-e-type=\"container\">\n\t\t\t\t\t<div class=\"e-con-inner\">\n\t\t\t\t<div class=\"elementor-element elementor-element-2bbaf1d elementor-widget elementor-widget-button\" data-id=\"2bbaf1d\" data-element_type=\"widget\" data-e-type=\"widget\" data-widget_type=\"button.default\">\n\t\t\t\t<div class=\"elementor-widget-container\">\n\t\t\t\t\t\t\t\t\t<div class=\"elementor-button-wrapper\">\n\t\t\t\t\t<a class=\"elementor-button elementor-button-link elementor-size-sm\" href=\"https:\/\/saintremaclestavelot.be\/secondaire\/programmes-scolaires\/2eme-annee\/\">\n\t\t\t\t\t\t<span class=\"elementor-button-content-wrapper\">\n\t\t\t\t\t\t<span class=\"elementor-button-icon\">\n\t\t\t\t<svg aria-hidden=\"true\" class=\"e-font-icon-svg e-far-arrow-alt-circle-right\" viewBox=\"0 0 512 512\" xmlns=\"http:\/\/www.w3.org\/2000\/svg\"><path d=\"M504 256C504 119 393 8 256 8S8 119 8 256s111 248 248 248 248-111 248-248zm-448 0c0-110.5 89.5-200 200-200s200 89.5 200 200-89.5 200-200 200S56 366.5 56 256zm72 20v-40c0-6.6 5.4-12 12-12h116v-67c0-10.7 12.9-16 20.5-8.5l99 99c4.7 4.7 4.7 12.3 0 17l-99 99c-7.6 7.6-20.5 2.2-20.5-8.5v-67H140c-6.6 0-12-5.4-12-12z\"><\/path><\/svg>\t\t\t<\/span>\n\t\t\t\t\t\t\t\t\t<span class=\"elementor-button-text\">2\u00e8me ann\u00e9e<\/span>\n\t\t\t\t\t<\/span>\n\t\t\t\t\t<\/a>\n\t\t\t\t<\/div>\n\t\t\t\t\t\t\t\t<\/div>\n\t\t\t\t<\/div>\n\t\t\t\t\t<\/div>\n\t\t\t\t<\/div>\n\t\t\t\t\t<\/div>\n\t\t\t\t<\/div>\n\t\t<div class=\"elementor-element elementor-element-35ebfdd e-con-full e-flex e-con e-parent\" data-id=\"35ebfdd\" data-element_type=\"container\" data-e-type=\"container\">\n\t\t<div class=\"elementor-element elementor-element-b115756 e-flex e-con-boxed e-con e-child\" data-id=\"b115756\" data-element_type=\"container\" data-e-type=\"container\">\n\t\t\t\t\t<div class=\"e-con-inner\">\n\t\t<div class=\"elementor-element elementor-element-cd9dbc9 e-con-full e-flex e-con e-child\" data-id=\"cd9dbc9\" data-element_type=\"container\" data-e-type=\"container\">\n\t\t\t\t<div class=\"elementor-element elementor-element-41ab227 elementor-widget elementor-widget-heading\" data-id=\"41ab227\" data-element_type=\"widget\" data-e-type=\"widget\" data-widget_type=\"heading.default\">\n\t\t\t\t<div class=\"elementor-widget-container\">\n\t\t\t\t\t<h2 class=\"elementor-heading-title elementor-size-default\">Descriptif<\/h2>\t\t\t\t<\/div>\n\t\t\t\t<\/div>\n\t\t\t\t<div class=\"elementor-element elementor-element-68ebe7c elementor-widget elementor-widget-text-editor\" data-id=\"68ebe7c\" data-element_type=\"widget\" data-e-type=\"widget\" data-widget_type=\"text-editor.default\">\n\t\t\t\t<div class=\"elementor-widget-container\">\n\t\t\t\t\t\t\t\t\t<p class=\"cvGsUA direction-ltr align-justify para-style-body\"><span class=\"a_GcMg font-feature-liga-off font-feature-clig-off font-feature-calt-off text-decoration-none text-strikethrough-none\">L\u2019objectif g\u00e9n\u00e9ral du Tronc Commun sera d\u2019offrir \u00e0 chaque \u00e9l\u00e8ve un m\u00eame parcours d\u2019apprentissage:<\/span><\/p><ul><li><span class=\"a_GcMg font-feature-liga-off font-feature-clig-off font-feature-calt-off text-decoration-none text-strikethrough-none\">plus en phase avec les r\u00e9alit\u00e9s de la soci\u00e9t\u00e9 actuelle et les d\u00e9fis de tout citoyen : \u201cCe que nul n\u2019est cens\u00e9 ignorer\u201d<\/span><\/li><li><span class=\"a_GcMg font-feature-liga-off font-feature-clig-off font-feature-calt-off text-decoration-none text-strikethrough-none\">permettant des choix d\u2019orientation r\u00e9fl\u00e9chis et \u00e9clair\u00e9s<\/span><\/li><\/ul><p class=\"cvGsUA direction-ltr align-justify para-style-body\">\u00a0<\/p><p class=\"cvGsUA direction-ltr align-justify para-style-body\"><span class=\"a_GcMg font-feature-liga-off font-feature-clig-off font-feature-calt-off text-decoration-none text-strikethrough-none\">Les trois axes majeurs du Tronc Commun seront:<\/span><\/p><ul><li><span class=\"a_GcMg font-feature-liga-off font-feature-clig-off font-feature-calt-off text-decoration-none text-strikethrough-none\">le renforcement des apprentissages fondamentaux<\/span><\/li><li><span class=\"a_GcMg font-feature-liga-off font-feature-clig-off font-feature-calt-off text-decoration-none text-strikethrough-none\">la modernit\u00e9 et l\u2019ouverture par l\u2019\u00e9ducation aux m\u00e9dias et au num\u00e9rique<\/span><\/li><li><span class=\"a_GcMg font-feature-liga-off font-feature-clig-off font-feature-calt-off text-decoration-none text-strikethrough-none\">la dynamique d\u2019orientation progressive au travers de l\u2019\u00e9ducation au choix<\/span><\/li><\/ul>\t\t\t\t\t\t\t\t<\/div>\n\t\t\t\t<\/div>\n\t\t\t\t<div class=\"elementor-element elementor-element-8c64854 elementor-widget elementor-widget-heading\" data-id=\"8c64854\" data-element_type=\"widget\" data-e-type=\"widget\" data-widget_type=\"heading.default\">\n\t\t\t\t<div class=\"elementor-widget-container\">\n\t\t\t\t\t<h2 class=\"elementor-heading-title elementor-size-default\">Accompagnement personnalis\u00e9<\/h2>\t\t\t\t<\/div>\n\t\t\t\t<\/div>\n\t\t\t\t<div class=\"elementor-element elementor-element-e3c185d elementor-widget elementor-widget-text-editor\" data-id=\"e3c185d\" data-element_type=\"widget\" data-e-type=\"widget\" data-widget_type=\"text-editor.default\">\n\t\t\t\t<div class=\"elementor-widget-container\">\n\t\t\t\t\t\t\t\t\t<p>Si votre enfant rencontre des difficult\u00e9s dans un apprentissage, les professeurs l\u2019accompagnent:<\/p><ul><li>en priorit\u00e9 pendant les cours<\/li><li>avec un encadrement plus personnalis\u00e9 \u00e0 certains moments<\/li><li>avec un dispositif sp\u00e9cifique en cas de difficult\u00e9 persistante<\/li><\/ul><p>Nou sommes aussi attentifs \u00e0 la motivation de ceux qui ne rencontrent pas de difficult\u00e9s.<\/p><p><span class=\"a_GcMg font-feature-liga-off font-feature-clig-off font-feature-calt-off text-decoration-none text-strikethrough-none\" style=\"color: rgba(23,104,123,var(--o42jjq,1)); caret-color: #17687b; --ys-xuq: none; font-kerning: none;\">Dans le cadre de l\u2019<\/span><span class=\"a_GcMg font-feature-liga-off font-feature-clig-off font-feature-calt-off text-decoration-none text-strikethrough-none\" style=\"color: rgba(23,104,123,var(--o42jjq,1)); caret-color: #17687b; --ys-xuq: none; font-weight: bold; font-kerning: none;\">accompagnement personnalis\u00e9 pour soutenir chaque \u00e9l\u00e8ve<\/span><span class=\"a_GcMg font-feature-liga-off font-feature-clig-off font-feature-calt-off text-decoration-none text-strikethrough-none\" style=\"color: rgba(23,104,123,var(--o42jjq,1)); caret-color: #17687b; --ys-xuq: none; font-kerning: none;\">, renforcement de l\u2019encadrement en classe 2 p\u00e9riodes par semaine : <\/span><span class=\"a_GcMg font-feature-liga-off font-feature-clig-off font-feature-calt-off text-decoration-none text-strikethrough-none\" style=\"color: rgba(23,104,123,var(--o42jjq,1)); caret-color: #17687b; --ys-xuq: none; font-weight: bold; font-kerning: none;\">deux intervenants en classe<\/span><span class=\"a_GcMg font-feature-liga-off font-feature-clig-off font-feature-calt-off text-decoration-none text-strikethrough-none\" style=\"color: rgba(23,104,123,var(--o42jjq,1)); caret-color: #17687b; --ys-xuq: none; font-kerning: none;\">, <\/span><span class=\"a_GcMg font-feature-liga-off font-feature-clig-off font-feature-calt-off text-decoration-none text-strikethrough-none\" style=\"color: rgba(23,104,123,var(--o42jjq,1)); caret-color: #17687b; --ys-xuq: none; font-weight: bold; font-kerning: none;\">rem\u00e9diation, soutien, prolongements et projets <\/span><span class=\"a_GcMg font-feature-liga-off font-feature-clig-off font-feature-calt-off text-decoration-none text-strikethrough-none\" style=\"color: rgba(23,104,123,var(--o42jjq,1)); caret-color: #17687b; --ys-xuq: none; font-kerning: none;\">pour soutenir l\u2019apprentissage et la motivation<\/span><\/p>\t\t\t\t\t\t\t\t<\/div>\n\t\t\t\t<\/div>\n\t\t\t\t<\/div>\n\t\t<div class=\"elementor-element elementor-element-4698f0a e-con-full e-flex e-con e-child\" data-id=\"4698f0a\" data-element_type=\"container\" data-e-type=\"container\">\n\t\t<div class=\"elementor-element elementor-element-82de9cb e-flex e-con-boxed e-con e-child\" data-id=\"82de9cb\" data-element_type=\"container\" data-e-type=\"container\" data-settings=\"{&quot;background_background&quot;:&quot;classic&quot;}\">\n\t\t\t\t\t<div class=\"e-con-inner\">\n\t\t\t\t<div class=\"elementor-element elementor-element-8694268 elementor-widget elementor-widget-heading\" data-id=\"8694268\" data-element_type=\"widget\" data-e-type=\"widget\" data-widget_type=\"heading.default\">\n\t\t\t\t<div class=\"elementor-widget-container\">\n\t\t\t\t\t<h2 class=\"elementor-heading-title elementor-size-default\">Grilles<\/h2>\t\t\t\t<\/div>\n\t\t\t\t<\/div>\n\t\t\t\t<div class=\"elementor-element elementor-element-a2b78e3 elementor-widget elementor-widget-html\" data-id=\"a2b78e3\" data-element_type=\"widget\" data-e-type=\"widget\" data-widget_type=\"html.default\">\n\t\t\t\t<div class=\"elementor-widget-container\">\n\t\t\t\t\t<section class=\"formation-obligatoire-modern\">\r\n    <h2>Formation<\/h2>\r\n\r\n    <div class=\"mandatory-grid-card\">\r\n        <div class=\"mandatory-row\">\r\n            <span class=\"mandatory-label\">Religion<\/span>\r\n            <span class=\"mandatory-value\">2 p.<\/span>\r\n        <\/div>\r\n\r\n        <div class=\"mandatory-row\">\r\n            <span class=\"mandatory-label\">Formation Historique G\u00e9ographique \u00c9conomique Sociale (FHGES)<\/span>\r\n            <span class=\"mandatory-value\">4 p.<\/span>\r\n        <\/div>\r\n\r\n        <div class=\"mandatory-row\">\r\n            <span class=\"mandatory-label\">Education physique, bien-\u00eatre et sant\u00e9<\/span>\r\n            <span class=\"mandatory-value\">3 p.<\/span>\r\n        <\/div>\r\n\r\n        <div class=\"mandatory-row\">\r\n            <span class=\"mandatory-label\">Fran\u00e7ais et langues anciennes<\/span>\r\n            <span class=\"mandatory-value\">6 p.<\/span>\r\n        <\/div>\r\n\r\n        <div class=\"mandatory-row\">\r\n            <span class=\"mandatory-label\">Langue moderne 1<\/span>\r\n            <span class=\"mandatory-value\">4 p.<\/span>\r\n        <\/div>\r\n\r\n        <div class=\"mandatory-row\">\r\n            <span class=\"mandatory-label\">Math\u00e9matiques<\/span>\r\n            <span class=\"mandatory-value\">5 p.<\/span>\r\n        <\/div>\r\n\r\n        <div class=\"mandatory-row\">\r\n            <span class=\"mandatory-label\">Sciences<\/span>\r\n            <span class=\"mandatory-value\">3 p.<\/span>\r\n        <\/div>\r\n\r\n        <div class=\"mandatory-row\">\r\n            <span class=\"mandatory-label\">Education culturelle et artistique (\u00c9CA)<\/span>\r\n            <span class=\"mandatory-value\">2 p.<\/span>\r\n        <\/div>\r\n\r\n        <div class=\"mandatory-row\">\r\n            <span class=\"mandatory-label\">Formation Manuelle, Technique et Technologique (FMTT)<\/span>\r\n            <span class=\"mandatory-value\">1 p.<\/span>\r\n        <\/div>\r\n\r\n        <div class=\"mandatory-row\">\r\n            <span class=\"mandatory-label\">Formation Num\u00e9rique<\/span>\r\n            <span class=\"mandatory-value\">2 p.<\/span>\r\n        <\/div>\r\n\r\n        <div class=\"mandatory-row\">\r\n            <span class=\"mandatory-label\">Accompagnement personnalis\u00e9 dans la grille horaire<\/span>\r\n            <span class=\"mandatory-value\">2 p.<\/span>\r\n        <\/div>\r\n    <\/div>\r\n\r\n\r\n    <div class=\"mandatory-total-line\">\r\n        <span class=\"total-label\">Total<\/span>\r\n        <span class=\"total-value\">32 p.<\/span>\r\n    <\/div>\r\n\r\n    <div class=\"mandatory-extra-line\">\r\n        <span class=\"mandatory-extra-label\">+ 2 journ\u00e9es de d\u00e9couverte m\u00e9tiers<\/span>\r\n    <\/div>\r\n\r\n<\/section>\t\t\t\t<\/div>\n\t\t\t\t<\/div>\n\t\t\t\t\t<\/div>\n\t\t\t\t<\/div>\n\t\t\t\t<\/div>\n\t\t\t\t\t<\/div>\n\t\t\t\t<\/div>\n\t\t\t\t<\/div>\n\t\t\t\t<\/div>\n\t\t","protected":false},"excerpt":{"rendered":"<p>1\u00e8re ann\u00e9e TRONC COMMUN 2\u00e8me ann\u00e9e Descriptif L\u2019objectif g\u00e9n\u00e9ral du Tronc Commun sera d\u2019offrir \u00e0 chaque \u00e9l\u00e8ve un m\u00eame parcours d\u2019apprentissage: plus en phase avec les r\u00e9alit\u00e9s de la soci\u00e9t\u00e9 actuelle et les d\u00e9fis de tout citoyen : \u201cCe que nul n\u2019est cens\u00e9 ignorer\u201d permettant des choix d\u2019orientation r\u00e9fl\u00e9chis et \u00e9clair\u00e9s \u00a0 Les trois axes [&hellip;]<\/p>\n","protected":false},"author":1,"featured_media":0,"parent":280,"menu_order":0,"comment_status":"closed","ping_status":"closed","template":"","meta":{"iawp_total_views":206,"footnotes":""},"class_list":["post-9315","page","type-page","status-publish","hentry"],"_links":{"self":[{"href":"https:\/\/saintremaclestavelot.be\/secondaire\/wp-json\/wp\/v2\/pages\/9315","targetHints":{"allow":["GET"]}}],"collection":[{"href":"https:\/\/saintremaclestavelot.be\/secondaire\/wp-json\/wp\/v2\/pages"}],"about":[{"href":"https:\/\/saintremaclestavelot.be\/secondaire\/wp-json\/wp\/v2\/types\/page"}],"author":[{"embeddable":true,"href":"https:\/\/saintremaclestavelot.be\/secondaire\/wp-json\/wp\/v2\/users\/1"}],"replies":[{"embeddable":true,"href":"https:\/\/saintremaclestavelot.be\/secondaire\/wp-json\/wp\/v2\/comments?post=9315"}],"version-history":[{"count":27,"href":"https:\/\/saintremaclestavelot.be\/secondaire\/wp-json\/wp\/v2\/pages\/9315\/revisions"}],"predecessor-version":[{"id":9732,"href":"https:\/\/saintremaclestavelot.be\/secondaire\/wp-json\/wp\/v2\/pages\/9315\/revisions\/9732"}],"up":[{"embeddable":true,"href":"https:\/\/saintremaclestavelot.be\/secondaire\/wp-json\/wp\/v2\/pages\/280"}],"wp:attachment":[{"href":"https:\/\/saintremaclestavelot.be\/secondaire\/wp-json\/wp\/v2\/media?parent=9315"}],"curies":[{"name":"wp","href":"https:\/\/api.w.org\/{rel}","templated":true}]}}