{"id":9156,"date":"2025-08-27T13:20:34","date_gmt":"2025-08-27T11:20:34","guid":{"rendered":"https:\/\/saintremaclestavelot.be\/secondaire\/?page_id=9156"},"modified":"2025-08-27T13:25:55","modified_gmt":"2025-08-27T11:25:55","slug":"resultat-charte-des-regles-dor-du-bien-vivre-ensemble","status":"publish","type":"page","link":"https:\/\/saintremaclestavelot.be\/secondaire\/erasmus\/resultat-charte-des-regles-dor-du-bien-vivre-ensemble\/","title":{"rendered":"R\u00e9sultat\u00a0: charte des r\u00e8gles d\u2019or du bien-vivre ensemble"},"content":{"rendered":"\t\t<div data-elementor-type=\"wp-page\" data-elementor-id=\"9156\" class=\"elementor elementor-9156\" data-elementor-post-type=\"page\">\n\t\t\t\t<div class=\"elementor-element elementor-element-803acaa e-flex e-con-boxed e-con e-parent\" data-id=\"803acaa\" data-element_type=\"container\" data-e-type=\"container\">\n\t\t\t\t\t<div class=\"e-con-inner\">\n\t\t\t\t<div class=\"elementor-element elementor-element-24d3bc8 elementor-widget elementor-widget-text-editor\" data-id=\"24d3bc8\" data-element_type=\"widget\" data-e-type=\"widget\" data-widget_type=\"text-editor.default\">\n\t\t\t\t<div class=\"elementor-widget-container\">\n\t\t\t\t\t\t\t\t\t<p><em>18 mois de projet ensemble\u00a0! Une magnifique r\u00e9ussite\u00a0! Des amiti\u00e9s qui dureront encore et un partenariat qui n\u2019en restera pas l\u00e0 pour nos \u00e9coles. Nous poursuivrons nos \u00e9changes et le travail ensemble.<\/em><\/p><p><em>Le r\u00e9sultat de ces premiers moments de partage, d\u2019\u00e9changes et d\u2019activit\u00e9s est la cr\u00e9ation d\u2019une charte internationale de r\u00e8gles d\u2019or, \u00e9crites et choisies par nos \u00e9l\u00e8ves participant au projet. Nous nous en servirons avec tous nos futurs \u00e9l\u00e8ves.<\/em><\/p>\t\t\t\t\t\t\t\t<\/div>\n\t\t\t\t<\/div>\n\t\t\t\t<div class=\"elementor-element elementor-element-6b1158c elementor-widget elementor-widget-image\" data-id=\"6b1158c\" data-element_type=\"widget\" data-e-type=\"widget\" data-widget_type=\"image.default\">\n\t\t\t\t<div class=\"elementor-widget-container\">\n\t\t\t\t\t\t\t\t\t\t\t\t\t\t\t<img fetchpriority=\"high\" decoding=\"async\" width=\"724\" height=\"1024\" src=\"https:\/\/saintremaclestavelot.be\/secondaire\/wp-content\/uploads\/sites\/2\/2025\/08\/Image72-724x1024.jpg\" class=\"attachment-large size-large wp-image-9158\" alt=\"\" srcset=\"https:\/\/saintremaclestavelot.be\/secondaire\/wp-content\/uploads\/sites\/2\/2025\/08\/Image72-724x1024.jpg 724w, https:\/\/saintremaclestavelot.be\/secondaire\/wp-content\/uploads\/sites\/2\/2025\/08\/Image72-212x300.jpg 212w, https:\/\/saintremaclestavelot.be\/secondaire\/wp-content\/uploads\/sites\/2\/2025\/08\/Image72-768x1087.jpg 768w, https:\/\/saintremaclestavelot.be\/secondaire\/wp-content\/uploads\/sites\/2\/2025\/08\/Image72.jpg 1077w\" sizes=\"(max-width: 724px) 100vw, 724px\" \/>\t\t\t\t\t\t\t\t\t\t\t\t\t\t\t<\/div>\n\t\t\t\t<\/div>\n\t\t\t\t<div class=\"elementor-element elementor-element-e1e15aa elementor-widget elementor-widget-template\" data-id=\"e1e15aa\" data-element_type=\"widget\" data-e-type=\"widget\" data-widget_type=\"template.default\">\n\t\t\t\t<div class=\"elementor-widget-container\">\n\t\t\t\t\t\t\t<div class=\"elementor-template\">\n\t\t\t\t\t<div data-elementor-type=\"container\" data-elementor-id=\"9171\" class=\"elementor elementor-9171\" data-elementor-post-type=\"elementor_library\">\n\t\t\t\t<div class=\"elementor-element elementor-element-6c651ad e-flex e-con-boxed e-con e-parent\" data-id=\"6c651ad\" data-element_type=\"container\" data-e-type=\"container\">\n\t\t\t\t\t<div class=\"e-con-inner\">\n\t\t\t\t<div class=\"elementor-element elementor-element-f4dc9b8 elementor-widget elementor-widget-image\" data-id=\"f4dc9b8\" data-element_type=\"widget\" data-e-type=\"widget\" data-widget_type=\"image.default\">\n\t\t\t\t<div class=\"elementor-widget-container\">\n\t\t\t\t\t\t\t\t\t\t\t\t\t\t\t<img decoding=\"async\" width=\"150\" height=\"150\" src=\"https:\/\/saintremaclestavelot.be\/secondaire\/wp-content\/uploads\/sites\/2\/2025\/08\/FR-V-Cofinance-par-lUnion-europeenne_POS-150x150.png\" class=\"attachment-thumbnail size-thumbnail wp-image-9164\" alt=\"\" \/>\t\t\t\t\t\t\t\t\t\t\t\t\t\t\t<\/div>\n\t\t\t\t<\/div>\n\t\t\t\t\t<\/div>\n\t\t\t\t<\/div>\n\t\t\t\t<\/div>\n\t\t\t\t<\/div>\n\t\t\t\t\t\t<\/div>\n\t\t\t\t<\/div>\n\t\t\t\t\t<\/div>\n\t\t\t\t<\/div>\n\t\t\t\t<\/div>\n\t\t","protected":false},"excerpt":{"rendered":"<p>18 mois de projet ensemble\u00a0! Une magnifique r\u00e9ussite\u00a0! Des amiti\u00e9s qui dureront encore et un partenariat qui n\u2019en restera pas l\u00e0 pour nos \u00e9coles. Nous poursuivrons nos \u00e9changes et le travail ensemble. Le r\u00e9sultat de ces premiers moments de partage, d\u2019\u00e9changes et d\u2019activit\u00e9s est la cr\u00e9ation d\u2019une charte internationale de r\u00e8gles d\u2019or, \u00e9crites et choisies [&hellip;]<\/p>\n","protected":false},"author":1,"featured_media":0,"parent":9162,"menu_order":0,"comment_status":"closed","ping_status":"closed","template":"","meta":{"iawp_total_views":24,"footnotes":""},"class_list":["post-9156","page","type-page","status-publish","hentry"],"_links":{"self":[{"href":"https:\/\/saintremaclestavelot.be\/secondaire\/wp-json\/wp\/v2\/pages\/9156","targetHints":{"allow":["GET"]}}],"collection":[{"href":"https:\/\/saintremaclestavelot.be\/secondaire\/wp-json\/wp\/v2\/pages"}],"about":[{"href":"https:\/\/saintremaclestavelot.be\/secondaire\/wp-json\/wp\/v2\/types\/page"}],"author":[{"embeddable":true,"href":"https:\/\/saintremaclestavelot.be\/secondaire\/wp-json\/wp\/v2\/users\/1"}],"replies":[{"embeddable":true,"href":"https:\/\/saintremaclestavelot.be\/secondaire\/wp-json\/wp\/v2\/comments?post=9156"}],"version-history":[{"count":7,"href":"https:\/\/saintremaclestavelot.be\/secondaire\/wp-json\/wp\/v2\/pages\/9156\/revisions"}],"predecessor-version":[{"id":9192,"href":"https:\/\/saintremaclestavelot.be\/secondaire\/wp-json\/wp\/v2\/pages\/9156\/revisions\/9192"}],"up":[{"embeddable":true,"href":"https:\/\/saintremaclestavelot.be\/secondaire\/wp-json\/wp\/v2\/pages\/9162"}],"wp:attachment":[{"href":"https:\/\/saintremaclestavelot.be\/secondaire\/wp-json\/wp\/v2\/media?parent=9156"}],"curies":[{"name":"wp","href":"https:\/\/api.w.org\/{rel}","templated":true}]}}