{"id":9138,"date":"2025-08-27T13:20:55","date_gmt":"2025-08-27T11:20:55","guid":{"rendered":"https:\/\/saintremaclestavelot.be\/secondaire\/?page_id=9138"},"modified":"2025-08-29T08:54:27","modified_gmt":"2025-08-29T06:54:27","slug":"mobilite-a-ragusa-en-sicile","status":"publish","type":"page","link":"https:\/\/saintremaclestavelot.be\/secondaire\/erasmus\/mobilite-a-ragusa-en-sicile\/","title":{"rendered":"Mobilit\u00e9 \u00e0 Ragusa, en Sicile"},"content":{"rendered":"\t\t<div data-elementor-type=\"wp-page\" data-elementor-id=\"9138\" class=\"elementor elementor-9138\" data-elementor-post-type=\"page\">\n\t\t\t\t<div class=\"elementor-element elementor-element-ccc3861 e-flex e-con-boxed e-con e-parent\" data-id=\"ccc3861\" data-element_type=\"container\" data-e-type=\"container\">\n\t\t\t\t\t<div class=\"e-con-inner\">\n\t\t\t\t<div class=\"elementor-element elementor-element-d21a483 elementor-widget elementor-widget-text-editor\" data-id=\"d21a483\" data-element_type=\"widget\" data-e-type=\"widget\" data-widget_type=\"text-editor.default\">\n\t\t\t\t<div class=\"elementor-widget-container\">\n\t\t\t\t\t\t\t\t\t<p><em>Du 12 au 16 mai, notre derni\u00e8re rencontre de projet se d\u00e9roulait en Sicile, \u00e0 Ragusa. Nos ambassadeurs ont eu \u00e0 parcourir un s\u00e9rieux p\u00e9riple avant d\u2019arriver chez nos partenaires\u00a0: co-voiturage jusque l\u2019a\u00e9roport, avion avec escale, bus vers la ville de Ragusa\u00a0!<\/em><\/p><p><em>Cela n\u2019a en rien entam\u00e9 la bonne humeur et la joie de d\u00e9couvrir une autre r\u00e9gion et son \u00e9cole.<\/em><\/p><p><em>Nos \u00e9l\u00e8ves ont particip\u00e9 \u00e0 des activit\u00e9s artistiques pour symboliser notre partenariat europ\u00e9en\u00a0: cr\u00e9ation d\u2019\u00e9toiles en c\u00e9ramique pour former le drapeau europ\u00e9en et y associer nos nouvelles r\u00e8gles d\u2019or. Ils ont particip\u00e9 \u00e0 un concert pour mettre en valeur ce r\u00e9sultat de projet devant toutes les familles d\u2019\u00e9l\u00e8ves de l\u2019\u00e9cole de Ragusa. Ils ont pu d\u00e9couvrir la ville et l\u2019\u00e9cole ainsi que quelques habitudes et sp\u00e9cificit\u00e9s locales. <\/em><\/p><p><em>A nouveau, laissons la parole aux \u00e9l\u00e8ves qui ont pu vivre cette exp\u00e9rience\u00a0! Ce sont eux qui en parlent le mieux\u2026<\/em><\/p><p><em>\u00a0<\/em><\/p><p><strong><em><u>Pourquoi partir avec Erasmus+ ? Parce que c\u2019est bien plus qu\u2019un simple voyage !<\/u><\/em><\/strong><\/p><p><em>Tu h\u00e9sites encore \u00e0 te lancer dans l\u2019aventure Erasmus+ ? Laisse-moi te montrer pourquoi tu devrais foncer sans r\u00e9fl\u00e9chir !<\/em><\/p><p><em>D\u2019abord, c\u2019est une occasion unique de faire de super belles rencontres. Tu vas te lier d\u2019amiti\u00e9 avec des jeunes venus d\u2019autres pays, d\u00e9couvrir leur quotidien, partager des fous rires\u2026 et qui sait ? Ces liens pourraient durer toute une vie.<\/em><\/p><p><em>Ensuite, ton anglais va faire un bond en avant ! Rien de tel que de pratiquer la langue en situation r\u00e9elle, que ce soit pour commander un plat, demander ton chemin ou discuter avec tes nouveaux amis internationaux.<\/em><\/p><p><em>Et puis, c\u2019est l\u2019occasion parfaite de changer d\u2019air : d\u00e9couvrir de nouveaux paysages, faire une mini visite de Catane, prendre un bon bol d\u2019air marin, et m\u00eame, pour certains, vivre leur tout premier bapt\u00eame d\u2019avion (et oui, n\u2019oublie pas ton portefeuille \u00e0 bord !).<\/em><\/p><p><em>Ce voyage, c\u2019est aussi une immersion culturelle totale : go\u00fbter des plats typiques (arancini, p\u00e2tes, focaccia), prendre un petit d\u00e9jeuner local (brioche et granita) , explorer des monuments embl\u00e9matiques (200 \u00e9glises dans la vieille ville \u00ab Ibla Ragusa \u00bb), apprendre quelques mots dans une nouvelle langue, s\u2019adapter \u00e0 un rythme de vie diff\u00e9rent\u2026 Et d\u00e9couvrir des choses insolites (oui, on parle bien des bidets !). Le climat, les danses locales, les habitudes : tout est nouveau et enrichissant.<\/em><\/p><p><em>Et bien s\u00fbr, on n\u2019oublie pas le shopping (parce que revenir avec une petite tenue locale ou des souvenirs, c\u2019est toujours un plus !).<\/em><\/p><p><em>C\u2019est aussi l\u2019occasion de d\u00e9couvrir une \u00e9cole \u00e9trang\u00e8re : ses horaires, ses \u00e9quipements (m\u00eame pour le sport !), son fonctionnement\u2026 Une exp\u00e9rience qui te fera voir ta propre \u00e9cole autrement \u00e0 ton retour.<\/em><\/p><p><em>Et le petit plus ? La mer, les pieds dans le sable, le bruit des vagues\u2026 un vrai moment de d\u00e9tente bien m\u00e9rit\u00e9.<\/em><\/p><p><em>Un petit conseil pratique pour finir : laisse tes ciseaux \u00e0 la maison (les contr\u00f4les \u00e0 l\u2019a\u00e9roport sont stricts), et fais bien attention \u00e0 tes affaires dans l\u2019avion. <\/em><em>\ud83d\ude09<\/em><\/p><p><em>Alors, pr\u00eat(e) \u00e0 vivre une aventure inoubliable ? Erasmus+ n\u2019attend plus que toi !<\/em><\/p><p><em>Kassandra, Emilie, Elise, Mazarine, Pierra, Lizzie, Jeanne et Arthur.<\/em><\/p>\t\t\t\t\t\t\t\t<\/div>\n\t\t\t\t<\/div>\n\t\t\t\t<div class=\"elementor-element elementor-element-9512768 elementor-widget elementor-widget-gallery\" data-id=\"9512768\" data-element_type=\"widget\" data-e-type=\"widget\" data-settings=\"{&quot;gallery_layout&quot;:&quot;masonry&quot;,&quot;lazyload&quot;:&quot;yes&quot;,&quot;columns&quot;:4,&quot;columns_tablet&quot;:2,&quot;columns_mobile&quot;:1,&quot;gap&quot;:{&quot;unit&quot;:&quot;px&quot;,&quot;size&quot;:10,&quot;sizes&quot;:[]},&quot;gap_tablet&quot;:{&quot;unit&quot;:&quot;px&quot;,&quot;size&quot;:10,&quot;sizes&quot;:[]},&quot;gap_mobile&quot;:{&quot;unit&quot;:&quot;px&quot;,&quot;size&quot;:10,&quot;sizes&quot;:[]},&quot;link_to&quot;:&quot;file&quot;,&quot;overlay_background&quot;:&quot;yes&quot;,&quot;content_hover_animation&quot;:&quot;fade-in&quot;}\" data-widget_type=\"gallery.default\">\n\t\t\t\t<div class=\"elementor-widget-container\">\n\t\t\t\t\t\t\t<div class=\"elementor-gallery__container\">\n\t\t\t\t\t\t\t<a class=\"e-gallery-item elementor-gallery-item elementor-animated-content\" href=\"https:\/\/saintremaclestavelot.be\/secondaire\/wp-content\/uploads\/sites\/2\/2025\/08\/Image71.jpg\" data-elementor-open-lightbox=\"yes\" data-elementor-lightbox-slideshow=\"9512768\" data-elementor-lightbox-title=\"Image71\" data-e-action-hash=\"#elementor-action%3Aaction%3Dlightbox%26settings%3DeyJpZCI6OTE0MCwidXJsIjoiaHR0cHM6XC9cL3NhaW50cmVtYWNsZXN0YXZlbG90LmJlXC9zZWNvbmRhaXJlXC93cC1jb250ZW50XC91cGxvYWRzXC9zaXRlc1wvMlwvMjAyNVwvMDhcL0ltYWdlNzEuanBnIiwic2xpZGVzaG93IjoiOTUxMjc2OCJ9\">\n\t\t\t\t\t<div class=\"e-gallery-image elementor-gallery-item__image\" data-thumbnail=\"https:\/\/saintremaclestavelot.be\/secondaire\/wp-content\/uploads\/sites\/2\/2025\/08\/Image71-300x225.jpg\" data-width=\"300\" data-height=\"225\" aria-label=\"\" role=\"img\" ><\/div>\n\t\t\t\t\t\t\t\t\t\t\t<div class=\"elementor-gallery-item__overlay\"><\/div>\n\t\t\t\t\t\t\t\t\t\t\t\t\t\t<\/a>\n\t\t\t\t\t\t\t<a class=\"e-gallery-item elementor-gallery-item elementor-animated-content\" href=\"https:\/\/saintremaclestavelot.be\/secondaire\/wp-content\/uploads\/sites\/2\/2025\/08\/Image59.jpg\" data-elementor-open-lightbox=\"yes\" data-elementor-lightbox-slideshow=\"9512768\" data-elementor-lightbox-title=\"Image59\" data-e-action-hash=\"#elementor-action%3Aaction%3Dlightbox%26settings%3DeyJpZCI6OTE0MSwidXJsIjoiaHR0cHM6XC9cL3NhaW50cmVtYWNsZXN0YXZlbG90LmJlXC9zZWNvbmRhaXJlXC93cC1jb250ZW50XC91cGxvYWRzXC9zaXRlc1wvMlwvMjAyNVwvMDhcL0ltYWdlNTkuanBnIiwic2xpZGVzaG93IjoiOTUxMjc2OCJ9\">\n\t\t\t\t\t<div class=\"e-gallery-image elementor-gallery-item__image\" data-thumbnail=\"https:\/\/saintremaclestavelot.be\/secondaire\/wp-content\/uploads\/sites\/2\/2025\/08\/Image59-225x300.jpg\" data-width=\"225\" data-height=\"300\" aria-label=\"\" role=\"img\" ><\/div>\n\t\t\t\t\t\t\t\t\t\t\t<div class=\"elementor-gallery-item__overlay\"><\/div>\n\t\t\t\t\t\t\t\t\t\t\t\t\t\t<\/a>\n\t\t\t\t\t\t\t<a class=\"e-gallery-item elementor-gallery-item elementor-animated-content\" href=\"https:\/\/saintremaclestavelot.be\/secondaire\/wp-content\/uploads\/sites\/2\/2025\/08\/Image60.jpg\" data-elementor-open-lightbox=\"yes\" data-elementor-lightbox-slideshow=\"9512768\" data-elementor-lightbox-title=\"Image60\" data-e-action-hash=\"#elementor-action%3Aaction%3Dlightbox%26settings%3DeyJpZCI6OTE0MiwidXJsIjoiaHR0cHM6XC9cL3NhaW50cmVtYWNsZXN0YXZlbG90LmJlXC9zZWNvbmRhaXJlXC93cC1jb250ZW50XC91cGxvYWRzXC9zaXRlc1wvMlwvMjAyNVwvMDhcL0ltYWdlNjAuanBnIiwic2xpZGVzaG93IjoiOTUxMjc2OCJ9\">\n\t\t\t\t\t<div class=\"e-gallery-image elementor-gallery-item__image\" data-thumbnail=\"https:\/\/saintremaclestavelot.be\/secondaire\/wp-content\/uploads\/sites\/2\/2025\/08\/Image60-225x300.jpg\" data-width=\"225\" data-height=\"300\" aria-label=\"\" role=\"img\" ><\/div>\n\t\t\t\t\t\t\t\t\t\t\t<div class=\"elementor-gallery-item__overlay\"><\/div>\n\t\t\t\t\t\t\t\t\t\t\t\t\t\t<\/a>\n\t\t\t\t\t\t\t<a class=\"e-gallery-item elementor-gallery-item elementor-animated-content\" href=\"https:\/\/saintremaclestavelot.be\/secondaire\/wp-content\/uploads\/sites\/2\/2025\/08\/Image61.jpg\" data-elementor-open-lightbox=\"yes\" data-elementor-lightbox-slideshow=\"9512768\" data-elementor-lightbox-title=\"Image61\" data-e-action-hash=\"#elementor-action%3Aaction%3Dlightbox%26settings%3DeyJpZCI6OTE0MywidXJsIjoiaHR0cHM6XC9cL3NhaW50cmVtYWNsZXN0YXZlbG90LmJlXC9zZWNvbmRhaXJlXC93cC1jb250ZW50XC91cGxvYWRzXC9zaXRlc1wvMlwvMjAyNVwvMDhcL0ltYWdlNjEuanBnIiwic2xpZGVzaG93IjoiOTUxMjc2OCJ9\">\n\t\t\t\t\t<div class=\"e-gallery-image elementor-gallery-item__image\" data-thumbnail=\"https:\/\/saintremaclestavelot.be\/secondaire\/wp-content\/uploads\/sites\/2\/2025\/08\/Image61-300x225.jpg\" data-width=\"300\" data-height=\"225\" aria-label=\"\" role=\"img\" ><\/div>\n\t\t\t\t\t\t\t\t\t\t\t<div class=\"elementor-gallery-item__overlay\"><\/div>\n\t\t\t\t\t\t\t\t\t\t\t\t\t\t<\/a>\n\t\t\t\t\t\t\t<a class=\"e-gallery-item elementor-gallery-item elementor-animated-content\" href=\"https:\/\/saintremaclestavelot.be\/secondaire\/wp-content\/uploads\/sites\/2\/2025\/08\/Image62.jpg\" data-elementor-open-lightbox=\"yes\" data-elementor-lightbox-slideshow=\"9512768\" data-elementor-lightbox-title=\"Image62\" data-e-action-hash=\"#elementor-action%3Aaction%3Dlightbox%26settings%3DeyJpZCI6OTE0NCwidXJsIjoiaHR0cHM6XC9cL3NhaW50cmVtYWNsZXN0YXZlbG90LmJlXC9zZWNvbmRhaXJlXC93cC1jb250ZW50XC91cGxvYWRzXC9zaXRlc1wvMlwvMjAyNVwvMDhcL0ltYWdlNjIuanBnIiwic2xpZGVzaG93IjoiOTUxMjc2OCJ9\">\n\t\t\t\t\t<div class=\"e-gallery-image elementor-gallery-item__image\" data-thumbnail=\"https:\/\/saintremaclestavelot.be\/secondaire\/wp-content\/uploads\/sites\/2\/2025\/08\/Image62-225x300.jpg\" data-width=\"225\" data-height=\"300\" aria-label=\"\" role=\"img\" ><\/div>\n\t\t\t\t\t\t\t\t\t\t\t<div class=\"elementor-gallery-item__overlay\"><\/div>\n\t\t\t\t\t\t\t\t\t\t\t\t\t\t<\/a>\n\t\t\t\t\t\t\t<a class=\"e-gallery-item elementor-gallery-item elementor-animated-content\" href=\"https:\/\/saintremaclestavelot.be\/secondaire\/wp-content\/uploads\/sites\/2\/2025\/08\/Image63.jpg\" data-elementor-open-lightbox=\"yes\" data-elementor-lightbox-slideshow=\"9512768\" data-elementor-lightbox-title=\"Image63\" data-e-action-hash=\"#elementor-action%3Aaction%3Dlightbox%26settings%3DeyJpZCI6OTE0NSwidXJsIjoiaHR0cHM6XC9cL3NhaW50cmVtYWNsZXN0YXZlbG90LmJlXC9zZWNvbmRhaXJlXC93cC1jb250ZW50XC91cGxvYWRzXC9zaXRlc1wvMlwvMjAyNVwvMDhcL0ltYWdlNjMuanBnIiwic2xpZGVzaG93IjoiOTUxMjc2OCJ9\">\n\t\t\t\t\t<div class=\"e-gallery-image elementor-gallery-item__image\" data-thumbnail=\"https:\/\/saintremaclestavelot.be\/secondaire\/wp-content\/uploads\/sites\/2\/2025\/08\/Image63-300x225.jpg\" data-width=\"300\" data-height=\"225\" aria-label=\"\" role=\"img\" ><\/div>\n\t\t\t\t\t\t\t\t\t\t\t<div class=\"elementor-gallery-item__overlay\"><\/div>\n\t\t\t\t\t\t\t\t\t\t\t\t\t\t<\/a>\n\t\t\t\t\t\t\t<a class=\"e-gallery-item elementor-gallery-item elementor-animated-content\" href=\"https:\/\/saintremaclestavelot.be\/secondaire\/wp-content\/uploads\/sites\/2\/2025\/08\/Image64.jpg\" data-elementor-open-lightbox=\"yes\" data-elementor-lightbox-slideshow=\"9512768\" data-elementor-lightbox-title=\"Image64\" data-e-action-hash=\"#elementor-action%3Aaction%3Dlightbox%26settings%3DeyJpZCI6OTE0NiwidXJsIjoiaHR0cHM6XC9cL3NhaW50cmVtYWNsZXN0YXZlbG90LmJlXC9zZWNvbmRhaXJlXC93cC1jb250ZW50XC91cGxvYWRzXC9zaXRlc1wvMlwvMjAyNVwvMDhcL0ltYWdlNjQuanBnIiwic2xpZGVzaG93IjoiOTUxMjc2OCJ9\">\n\t\t\t\t\t<div class=\"e-gallery-image elementor-gallery-item__image\" data-thumbnail=\"https:\/\/saintremaclestavelot.be\/secondaire\/wp-content\/uploads\/sites\/2\/2025\/08\/Image64-225x300.jpg\" data-width=\"225\" data-height=\"300\" aria-label=\"\" role=\"img\" ><\/div>\n\t\t\t\t\t\t\t\t\t\t\t<div class=\"elementor-gallery-item__overlay\"><\/div>\n\t\t\t\t\t\t\t\t\t\t\t\t\t\t<\/a>\n\t\t\t\t\t\t\t<a class=\"e-gallery-item elementor-gallery-item elementor-animated-content\" href=\"https:\/\/saintremaclestavelot.be\/secondaire\/wp-content\/uploads\/sites\/2\/2025\/08\/Image65.jpg\" data-elementor-open-lightbox=\"yes\" data-elementor-lightbox-slideshow=\"9512768\" data-elementor-lightbox-title=\"Image65\" data-e-action-hash=\"#elementor-action%3Aaction%3Dlightbox%26settings%3DeyJpZCI6OTE0NywidXJsIjoiaHR0cHM6XC9cL3NhaW50cmVtYWNsZXN0YXZlbG90LmJlXC9zZWNvbmRhaXJlXC93cC1jb250ZW50XC91cGxvYWRzXC9zaXRlc1wvMlwvMjAyNVwvMDhcL0ltYWdlNjUuanBnIiwic2xpZGVzaG93IjoiOTUxMjc2OCJ9\">\n\t\t\t\t\t<div class=\"e-gallery-image elementor-gallery-item__image\" data-thumbnail=\"https:\/\/saintremaclestavelot.be\/secondaire\/wp-content\/uploads\/sites\/2\/2025\/08\/Image65-225x300.jpg\" data-width=\"225\" data-height=\"300\" aria-label=\"\" role=\"img\" ><\/div>\n\t\t\t\t\t\t\t\t\t\t\t<div class=\"elementor-gallery-item__overlay\"><\/div>\n\t\t\t\t\t\t\t\t\t\t\t\t\t\t<\/a>\n\t\t\t\t\t\t\t<a class=\"e-gallery-item elementor-gallery-item elementor-animated-content\" href=\"https:\/\/saintremaclestavelot.be\/secondaire\/wp-content\/uploads\/sites\/2\/2025\/08\/Image66.jpg\" data-elementor-open-lightbox=\"yes\" data-elementor-lightbox-slideshow=\"9512768\" data-elementor-lightbox-title=\"Image66\" data-e-action-hash=\"#elementor-action%3Aaction%3Dlightbox%26settings%3DeyJpZCI6OTE0OCwidXJsIjoiaHR0cHM6XC9cL3NhaW50cmVtYWNsZXN0YXZlbG90LmJlXC9zZWNvbmRhaXJlXC93cC1jb250ZW50XC91cGxvYWRzXC9zaXRlc1wvMlwvMjAyNVwvMDhcL0ltYWdlNjYuanBnIiwic2xpZGVzaG93IjoiOTUxMjc2OCJ9\">\n\t\t\t\t\t<div class=\"e-gallery-image elementor-gallery-item__image\" data-thumbnail=\"https:\/\/saintremaclestavelot.be\/secondaire\/wp-content\/uploads\/sites\/2\/2025\/08\/Image66-300x225.jpg\" data-width=\"300\" data-height=\"225\" aria-label=\"\" role=\"img\" ><\/div>\n\t\t\t\t\t\t\t\t\t\t\t<div class=\"elementor-gallery-item__overlay\"><\/div>\n\t\t\t\t\t\t\t\t\t\t\t\t\t\t<\/a>\n\t\t\t\t\t\t\t<a class=\"e-gallery-item elementor-gallery-item elementor-animated-content\" href=\"https:\/\/saintremaclestavelot.be\/secondaire\/wp-content\/uploads\/sites\/2\/2025\/08\/Image67.jpg\" data-elementor-open-lightbox=\"yes\" data-elementor-lightbox-slideshow=\"9512768\" data-elementor-lightbox-title=\"Image67\" data-e-action-hash=\"#elementor-action%3Aaction%3Dlightbox%26settings%3DeyJpZCI6OTE0OSwidXJsIjoiaHR0cHM6XC9cL3NhaW50cmVtYWNsZXN0YXZlbG90LmJlXC9zZWNvbmRhaXJlXC93cC1jb250ZW50XC91cGxvYWRzXC9zaXRlc1wvMlwvMjAyNVwvMDhcL0ltYWdlNjcuanBnIiwic2xpZGVzaG93IjoiOTUxMjc2OCJ9\">\n\t\t\t\t\t<div class=\"e-gallery-image elementor-gallery-item__image\" data-thumbnail=\"https:\/\/saintremaclestavelot.be\/secondaire\/wp-content\/uploads\/sites\/2\/2025\/08\/Image67-225x300.jpg\" data-width=\"225\" data-height=\"300\" aria-label=\"\" role=\"img\" ><\/div>\n\t\t\t\t\t\t\t\t\t\t\t<div class=\"elementor-gallery-item__overlay\"><\/div>\n\t\t\t\t\t\t\t\t\t\t\t\t\t\t<\/a>\n\t\t\t\t\t\t\t<a class=\"e-gallery-item elementor-gallery-item elementor-animated-content\" href=\"https:\/\/saintremaclestavelot.be\/secondaire\/wp-content\/uploads\/sites\/2\/2025\/08\/Image68.jpg\" data-elementor-open-lightbox=\"yes\" data-elementor-lightbox-slideshow=\"9512768\" data-elementor-lightbox-title=\"Image68\" data-e-action-hash=\"#elementor-action%3Aaction%3Dlightbox%26settings%3DeyJpZCI6OTE1MCwidXJsIjoiaHR0cHM6XC9cL3NhaW50cmVtYWNsZXN0YXZlbG90LmJlXC9zZWNvbmRhaXJlXC93cC1jb250ZW50XC91cGxvYWRzXC9zaXRlc1wvMlwvMjAyNVwvMDhcL0ltYWdlNjguanBnIiwic2xpZGVzaG93IjoiOTUxMjc2OCJ9\">\n\t\t\t\t\t<div class=\"e-gallery-image elementor-gallery-item__image\" data-thumbnail=\"https:\/\/saintremaclestavelot.be\/secondaire\/wp-content\/uploads\/sites\/2\/2025\/08\/Image68-300x225.jpg\" data-width=\"300\" data-height=\"225\" aria-label=\"\" role=\"img\" ><\/div>\n\t\t\t\t\t\t\t\t\t\t\t<div class=\"elementor-gallery-item__overlay\"><\/div>\n\t\t\t\t\t\t\t\t\t\t\t\t\t\t<\/a>\n\t\t\t\t\t\t\t<a class=\"e-gallery-item elementor-gallery-item elementor-animated-content\" href=\"https:\/\/saintremaclestavelot.be\/secondaire\/wp-content\/uploads\/sites\/2\/2025\/08\/Image69.jpg\" data-elementor-open-lightbox=\"yes\" data-elementor-lightbox-slideshow=\"9512768\" data-elementor-lightbox-title=\"Image69\" data-e-action-hash=\"#elementor-action%3Aaction%3Dlightbox%26settings%3DeyJpZCI6OTE1MSwidXJsIjoiaHR0cHM6XC9cL3NhaW50cmVtYWNsZXN0YXZlbG90LmJlXC9zZWNvbmRhaXJlXC93cC1jb250ZW50XC91cGxvYWRzXC9zaXRlc1wvMlwvMjAyNVwvMDhcL0ltYWdlNjkuanBnIiwic2xpZGVzaG93IjoiOTUxMjc2OCJ9\">\n\t\t\t\t\t<div class=\"e-gallery-image elementor-gallery-item__image\" data-thumbnail=\"https:\/\/saintremaclestavelot.be\/secondaire\/wp-content\/uploads\/sites\/2\/2025\/08\/Image69-300x225.jpg\" data-width=\"300\" data-height=\"225\" aria-label=\"\" role=\"img\" ><\/div>\n\t\t\t\t\t\t\t\t\t\t\t<div class=\"elementor-gallery-item__overlay\"><\/div>\n\t\t\t\t\t\t\t\t\t\t\t\t\t\t<\/a>\n\t\t\t\t\t\t\t<a class=\"e-gallery-item elementor-gallery-item elementor-animated-content\" href=\"https:\/\/saintremaclestavelot.be\/secondaire\/wp-content\/uploads\/sites\/2\/2025\/08\/Image70.jpg\" data-elementor-open-lightbox=\"yes\" data-elementor-lightbox-slideshow=\"9512768\" data-elementor-lightbox-title=\"Image70\" data-e-action-hash=\"#elementor-action%3Aaction%3Dlightbox%26settings%3DeyJpZCI6OTE1MiwidXJsIjoiaHR0cHM6XC9cL3NhaW50cmVtYWNsZXN0YXZlbG90LmJlXC9zZWNvbmRhaXJlXC93cC1jb250ZW50XC91cGxvYWRzXC9zaXRlc1wvMlwvMjAyNVwvMDhcL0ltYWdlNzAuanBnIiwic2xpZGVzaG93IjoiOTUxMjc2OCJ9\">\n\t\t\t\t\t<div class=\"e-gallery-image elementor-gallery-item__image\" data-thumbnail=\"https:\/\/saintremaclestavelot.be\/secondaire\/wp-content\/uploads\/sites\/2\/2025\/08\/Image70-225x300.jpg\" data-width=\"225\" data-height=\"300\" aria-label=\"\" role=\"img\" ><\/div>\n\t\t\t\t\t\t\t\t\t\t\t<div class=\"elementor-gallery-item__overlay\"><\/div>\n\t\t\t\t\t\t\t\t\t\t\t\t\t\t<\/a>\n\t\t\t\t\t<\/div>\n\t\t\t\t\t<\/div>\n\t\t\t\t<\/div>\n\t\t\t\t<div class=\"elementor-element elementor-element-0bc9683 elementor-widget elementor-widget-template\" data-id=\"0bc9683\" data-element_type=\"widget\" data-e-type=\"widget\" data-widget_type=\"template.default\">\n\t\t\t\t<div class=\"elementor-widget-container\">\n\t\t\t\t\t\t\t<div class=\"elementor-template\">\n\t\t\t\t\t<div data-elementor-type=\"container\" data-elementor-id=\"9171\" class=\"elementor elementor-9171\" data-elementor-post-type=\"elementor_library\">\n\t\t\t\t<div class=\"elementor-element elementor-element-6c651ad e-flex e-con-boxed e-con e-parent\" data-id=\"6c651ad\" data-element_type=\"container\" data-e-type=\"container\">\n\t\t\t\t\t<div class=\"e-con-inner\">\n\t\t\t\t<div class=\"elementor-element elementor-element-f4dc9b8 elementor-widget elementor-widget-image\" data-id=\"f4dc9b8\" data-element_type=\"widget\" data-e-type=\"widget\" data-widget_type=\"image.default\">\n\t\t\t\t<div class=\"elementor-widget-container\">\n\t\t\t\t\t\t\t\t\t\t\t\t\t\t\t<img decoding=\"async\" width=\"150\" height=\"150\" src=\"https:\/\/saintremaclestavelot.be\/secondaire\/wp-content\/uploads\/sites\/2\/2025\/08\/FR-V-Cofinance-par-lUnion-europeenne_POS-150x150.png\" class=\"attachment-thumbnail size-thumbnail wp-image-9164\" alt=\"\" \/>\t\t\t\t\t\t\t\t\t\t\t\t\t\t\t<\/div>\n\t\t\t\t<\/div>\n\t\t\t\t\t<\/div>\n\t\t\t\t<\/div>\n\t\t\t\t<\/div>\n\t\t\t\t<\/div>\n\t\t\t\t\t\t<\/div>\n\t\t\t\t<\/div>\n\t\t\t\t\t<\/div>\n\t\t\t\t<\/div>\n\t\t\t\t<\/div>\n\t\t","protected":false},"excerpt":{"rendered":"<p>Du 12 au 16 mai, notre derni\u00e8re rencontre de projet se d\u00e9roulait en Sicile, \u00e0 Ragusa. Nos ambassadeurs ont eu \u00e0 parcourir un s\u00e9rieux p\u00e9riple avant d\u2019arriver chez nos partenaires\u00a0: co-voiturage jusque l\u2019a\u00e9roport, avion avec escale, bus vers la ville de Ragusa\u00a0! Cela n\u2019a en rien entam\u00e9 la bonne humeur et la joie de d\u00e9couvrir [&hellip;]<\/p>\n","protected":false},"author":1,"featured_media":0,"parent":9162,"menu_order":0,"comment_status":"closed","ping_status":"closed","template":"","meta":{"iawp_total_views":32,"footnotes":""},"class_list":["post-9138","page","type-page","status-publish","hentry"],"_links":{"self":[{"href":"https:\/\/saintremaclestavelot.be\/secondaire\/wp-json\/wp\/v2\/pages\/9138","targetHints":{"allow":["GET"]}}],"collection":[{"href":"https:\/\/saintremaclestavelot.be\/secondaire\/wp-json\/wp\/v2\/pages"}],"about":[{"href":"https:\/\/saintremaclestavelot.be\/secondaire\/wp-json\/wp\/v2\/types\/page"}],"author":[{"embeddable":true,"href":"https:\/\/saintremaclestavelot.be\/secondaire\/wp-json\/wp\/v2\/users\/1"}],"replies":[{"embeddable":true,"href":"https:\/\/saintremaclestavelot.be\/secondaire\/wp-json\/wp\/v2\/comments?post=9138"}],"version-history":[{"count":10,"href":"https:\/\/saintremaclestavelot.be\/secondaire\/wp-json\/wp\/v2\/pages\/9138\/revisions"}],"predecessor-version":[{"id":9204,"href":"https:\/\/saintremaclestavelot.be\/secondaire\/wp-json\/wp\/v2\/pages\/9138\/revisions\/9204"}],"up":[{"embeddable":true,"href":"https:\/\/saintremaclestavelot.be\/secondaire\/wp-json\/wp\/v2\/pages\/9162"}],"wp:attachment":[{"href":"https:\/\/saintremaclestavelot.be\/secondaire\/wp-json\/wp\/v2\/media?parent=9138"}],"curies":[{"name":"wp","href":"https:\/\/api.w.org\/{rel}","templated":true}]}}