{"id":9062,"date":"2025-08-27T13:20:19","date_gmt":"2025-08-27T11:20:19","guid":{"rendered":"https:\/\/saintremaclestavelot.be\/secondaire\/?page_id=9062"},"modified":"2025-08-27T13:25:14","modified_gmt":"2025-08-27T11:25:14","slug":"mobilite-a-gandia-en-espagne","status":"publish","type":"page","link":"https:\/\/saintremaclestavelot.be\/secondaire\/erasmus\/mobilite-a-gandia-en-espagne\/","title":{"rendered":"Mobilit\u00e9 \u00e0 Gandia, en Espagne"},"content":{"rendered":"\t\t<div data-elementor-type=\"wp-page\" data-elementor-id=\"9062\" class=\"elementor elementor-9062\" data-elementor-post-type=\"page\">\n\t\t\t\t<div class=\"elementor-element elementor-element-1cf757a e-flex e-con-boxed e-con e-parent\" data-id=\"1cf757a\" data-element_type=\"container\" data-e-type=\"container\">\n\t\t\t\t\t<div class=\"e-con-inner\">\n\t\t\t\t<div class=\"elementor-element elementor-element-308f634 elementor-widget elementor-widget-text-editor\" data-id=\"308f634\" data-element_type=\"widget\" data-e-type=\"widget\" data-widget_type=\"text-editor.default\">\n\t\t\t\t<div class=\"elementor-widget-container\">\n\t\t\t\t\t\t\t\t\t<p><em>Du 13 au 18 mai 2024, un premier groupe d\u2019ambassadeurs de nos \u00e9coles s\u2019est retrouv\u00e9 en Espagne, chez notre partenaire de Gandia. Premi\u00e8re exp\u00e9rience de voyage pour beaucoup, premier vol en avion pour certains et grand stress de se faire accueillir dans une famille ne parlant pas notre langue. Et pourtant\u2026 nos jeunes sont revenus ravis de ce s\u00e9jour\u00a0! Le d\u00e9but des activit\u00e9s de vivre-ensemble prenait forme\u2026<\/em><\/p><p><em>Avec tous nos partenaires, nos \u00e9l\u00e8ves ont pu d\u00e9couvrir une \u00e9cole espagnole et ses horaires particuliers. Ils ont \u00e9t\u00e9 re\u00e7us officiellement \u00e0 la Mairie de la ville qu\u2019ils avaient pr\u00e9alablement visit\u00e9e. Des activit\u00e9s artistiques, brise-glace et de d\u00e9couverte mutuelles ont eu lieu. Chaque groupe avait d\u2019ailleurs d\u00fb pr\u00e9parer une pr\u00e9sentation de son pays au moyen d\u2019objets repr\u00e9sentatifs.<\/em><\/p><p><em>Le travail sur les \u00e9motions a commenc\u00e9 en \u00e9quipes internationales. Et des activit\u00e9s sportives de coh\u00e9sion ont organis\u00e9es sur la plage. <\/em><\/p><p><em>Un super s\u00e9jour pour nos \u00e9l\u00e8ves qui sont revenus enrichis, grandis, plus s\u00fbrs d\u2019eux, maitrisant quelques notions d\u2019espagnol et ayant pratiqu\u00e9 leur anglais, avec de nouveaux amis \u00e0 l\u2019\u00e9tranger\u00a0!<\/em><\/p>\t\t\t\t\t\t\t\t<\/div>\n\t\t\t\t<\/div>\n\t\t\t\t<div class=\"elementor-element elementor-element-71d123c elementor-widget elementor-widget-gallery\" data-id=\"71d123c\" data-element_type=\"widget\" data-e-type=\"widget\" data-settings=\"{&quot;gallery_layout&quot;:&quot;masonry&quot;,&quot;lazyload&quot;:&quot;yes&quot;,&quot;columns&quot;:4,&quot;columns_tablet&quot;:2,&quot;columns_mobile&quot;:1,&quot;gap&quot;:{&quot;unit&quot;:&quot;px&quot;,&quot;size&quot;:10,&quot;sizes&quot;:[]},&quot;gap_tablet&quot;:{&quot;unit&quot;:&quot;px&quot;,&quot;size&quot;:10,&quot;sizes&quot;:[]},&quot;gap_mobile&quot;:{&quot;unit&quot;:&quot;px&quot;,&quot;size&quot;:10,&quot;sizes&quot;:[]},&quot;link_to&quot;:&quot;file&quot;,&quot;overlay_background&quot;:&quot;yes&quot;,&quot;content_hover_animation&quot;:&quot;fade-in&quot;}\" data-widget_type=\"gallery.default\">\n\t\t\t\t<div class=\"elementor-widget-container\">\n\t\t\t\t\t\t\t<div class=\"elementor-gallery__container\">\n\t\t\t\t\t\t\t<a class=\"e-gallery-item elementor-gallery-item elementor-animated-content\" href=\"https:\/\/saintremaclestavelot.be\/secondaire\/wp-content\/uploads\/sites\/2\/2025\/08\/Image3-1.jpg\" data-elementor-open-lightbox=\"yes\" data-elementor-lightbox-slideshow=\"71d123c\" data-elementor-lightbox-title=\"Image3\" data-e-action-hash=\"#elementor-action%3Aaction%3Dlightbox%26settings%3DeyJpZCI6OTA2NCwidXJsIjoiaHR0cHM6XC9cL3NhaW50cmVtYWNsZXN0YXZlbG90LmJlXC9zZWNvbmRhaXJlXC93cC1jb250ZW50XC91cGxvYWRzXC9zaXRlc1wvMlwvMjAyNVwvMDhcL0ltYWdlMy0xLmpwZyIsInNsaWRlc2hvdyI6IjcxZDEyM2MifQ%3D%3D\">\n\t\t\t\t\t<div class=\"e-gallery-image elementor-gallery-item__image\" data-thumbnail=\"https:\/\/saintremaclestavelot.be\/secondaire\/wp-content\/uploads\/sites\/2\/2025\/08\/Image3-1-226x300.jpg\" data-width=\"226\" data-height=\"300\" aria-label=\"\" role=\"img\" ><\/div>\n\t\t\t\t\t\t\t\t\t\t\t<div class=\"elementor-gallery-item__overlay\"><\/div>\n\t\t\t\t\t\t\t\t\t\t\t\t\t\t<\/a>\n\t\t\t\t\t\t\t<a class=\"e-gallery-item elementor-gallery-item elementor-animated-content\" href=\"https:\/\/saintremaclestavelot.be\/secondaire\/wp-content\/uploads\/sites\/2\/2025\/08\/Image1-1.jpg\" data-elementor-open-lightbox=\"yes\" data-elementor-lightbox-slideshow=\"71d123c\" data-elementor-lightbox-title=\"Image1\" data-e-action-hash=\"#elementor-action%3Aaction%3Dlightbox%26settings%3DeyJpZCI6OTA2NSwidXJsIjoiaHR0cHM6XC9cL3NhaW50cmVtYWNsZXN0YXZlbG90LmJlXC9zZWNvbmRhaXJlXC93cC1jb250ZW50XC91cGxvYWRzXC9zaXRlc1wvMlwvMjAyNVwvMDhcL0ltYWdlMS0xLmpwZyIsInNsaWRlc2hvdyI6IjcxZDEyM2MifQ%3D%3D\">\n\t\t\t\t\t<div class=\"e-gallery-image elementor-gallery-item__image\" data-thumbnail=\"https:\/\/saintremaclestavelot.be\/secondaire\/wp-content\/uploads\/sites\/2\/2025\/08\/Image1-1-300x225.jpg\" data-width=\"300\" data-height=\"225\" aria-label=\"\" role=\"img\" ><\/div>\n\t\t\t\t\t\t\t\t\t\t\t<div class=\"elementor-gallery-item__overlay\"><\/div>\n\t\t\t\t\t\t\t\t\t\t\t\t\t\t<\/a>\n\t\t\t\t\t\t\t<a class=\"e-gallery-item elementor-gallery-item elementor-animated-content\" href=\"https:\/\/saintremaclestavelot.be\/secondaire\/wp-content\/uploads\/sites\/2\/2025\/08\/Image2-1.jpg\" data-elementor-open-lightbox=\"yes\" data-elementor-lightbox-slideshow=\"71d123c\" data-elementor-lightbox-title=\"Image2\" data-e-action-hash=\"#elementor-action%3Aaction%3Dlightbox%26settings%3DeyJpZCI6OTA2NiwidXJsIjoiaHR0cHM6XC9cL3NhaW50cmVtYWNsZXN0YXZlbG90LmJlXC9zZWNvbmRhaXJlXC93cC1jb250ZW50XC91cGxvYWRzXC9zaXRlc1wvMlwvMjAyNVwvMDhcL0ltYWdlMi0xLmpwZyIsInNsaWRlc2hvdyI6IjcxZDEyM2MifQ%3D%3D\">\n\t\t\t\t\t<div class=\"e-gallery-image elementor-gallery-item__image\" data-thumbnail=\"https:\/\/saintremaclestavelot.be\/secondaire\/wp-content\/uploads\/sites\/2\/2025\/08\/Image2-1-300x225.jpg\" data-width=\"300\" data-height=\"225\" aria-label=\"\" role=\"img\" ><\/div>\n\t\t\t\t\t\t\t\t\t\t\t<div class=\"elementor-gallery-item__overlay\"><\/div>\n\t\t\t\t\t\t\t\t\t\t\t\t\t\t<\/a>\n\t\t\t\t\t\t\t<a class=\"e-gallery-item elementor-gallery-item elementor-animated-content\" href=\"https:\/\/saintremaclestavelot.be\/secondaire\/wp-content\/uploads\/sites\/2\/2025\/08\/Image4-1.jpg\" data-elementor-open-lightbox=\"yes\" data-elementor-lightbox-slideshow=\"71d123c\" data-elementor-lightbox-title=\"Image4\" data-e-action-hash=\"#elementor-action%3Aaction%3Dlightbox%26settings%3DeyJpZCI6OTA3MSwidXJsIjoiaHR0cHM6XC9cL3NhaW50cmVtYWNsZXN0YXZlbG90LmJlXC9zZWNvbmRhaXJlXC93cC1jb250ZW50XC91cGxvYWRzXC9zaXRlc1wvMlwvMjAyNVwvMDhcL0ltYWdlNC0xLmpwZyIsInNsaWRlc2hvdyI6IjcxZDEyM2MifQ%3D%3D\">\n\t\t\t\t\t<div class=\"e-gallery-image elementor-gallery-item__image\" data-thumbnail=\"https:\/\/saintremaclestavelot.be\/secondaire\/wp-content\/uploads\/sites\/2\/2025\/08\/Image4-1-300x225.jpg\" data-width=\"300\" data-height=\"225\" aria-label=\"\" role=\"img\" ><\/div>\n\t\t\t\t\t\t\t\t\t\t\t<div class=\"elementor-gallery-item__overlay\"><\/div>\n\t\t\t\t\t\t\t\t\t\t\t\t\t\t<\/a>\n\t\t\t\t\t\t\t<a class=\"e-gallery-item elementor-gallery-item elementor-animated-content\" href=\"https:\/\/saintremaclestavelot.be\/secondaire\/wp-content\/uploads\/sites\/2\/2025\/08\/Image5-1.jpg\" data-elementor-open-lightbox=\"yes\" data-elementor-lightbox-slideshow=\"71d123c\" data-elementor-lightbox-title=\"Image5\" data-e-action-hash=\"#elementor-action%3Aaction%3Dlightbox%26settings%3DeyJpZCI6OTA3MCwidXJsIjoiaHR0cHM6XC9cL3NhaW50cmVtYWNsZXN0YXZlbG90LmJlXC9zZWNvbmRhaXJlXC93cC1jb250ZW50XC91cGxvYWRzXC9zaXRlc1wvMlwvMjAyNVwvMDhcL0ltYWdlNS0xLmpwZyIsInNsaWRlc2hvdyI6IjcxZDEyM2MifQ%3D%3D\">\n\t\t\t\t\t<div class=\"e-gallery-image elementor-gallery-item__image\" data-thumbnail=\"https:\/\/saintremaclestavelot.be\/secondaire\/wp-content\/uploads\/sites\/2\/2025\/08\/Image5-1-300x225.jpg\" data-width=\"300\" data-height=\"225\" aria-label=\"\" role=\"img\" ><\/div>\n\t\t\t\t\t\t\t\t\t\t\t<div class=\"elementor-gallery-item__overlay\"><\/div>\n\t\t\t\t\t\t\t\t\t\t\t\t\t\t<\/a>\n\t\t\t\t\t<\/div>\n\t\t\t\t\t<\/div>\n\t\t\t\t<\/div>\n\t\t\t\t<div class=\"elementor-element elementor-element-6be0953 elementor-widget elementor-widget-template\" data-id=\"6be0953\" data-element_type=\"widget\" data-e-type=\"widget\" data-widget_type=\"template.default\">\n\t\t\t\t<div class=\"elementor-widget-container\">\n\t\t\t\t\t\t\t<div class=\"elementor-template\">\n\t\t\t\t\t<div data-elementor-type=\"container\" data-elementor-id=\"9171\" class=\"elementor elementor-9171\" data-elementor-post-type=\"elementor_library\">\n\t\t\t\t<div class=\"elementor-element elementor-element-6c651ad e-flex e-con-boxed e-con e-parent\" data-id=\"6c651ad\" data-element_type=\"container\" data-e-type=\"container\">\n\t\t\t\t\t<div class=\"e-con-inner\">\n\t\t\t\t<div class=\"elementor-element elementor-element-f4dc9b8 elementor-widget elementor-widget-image\" data-id=\"f4dc9b8\" data-element_type=\"widget\" data-e-type=\"widget\" data-widget_type=\"image.default\">\n\t\t\t\t<div class=\"elementor-widget-container\">\n\t\t\t\t\t\t\t\t\t\t\t\t\t\t\t<img decoding=\"async\" width=\"150\" height=\"150\" src=\"https:\/\/saintremaclestavelot.be\/secondaire\/wp-content\/uploads\/sites\/2\/2025\/08\/FR-V-Cofinance-par-lUnion-europeenne_POS-150x150.png\" class=\"attachment-thumbnail size-thumbnail wp-image-9164\" alt=\"\" \/>\t\t\t\t\t\t\t\t\t\t\t\t\t\t\t<\/div>\n\t\t\t\t<\/div>\n\t\t\t\t\t<\/div>\n\t\t\t\t<\/div>\n\t\t\t\t<\/div>\n\t\t\t\t<\/div>\n\t\t\t\t\t\t<\/div>\n\t\t\t\t<\/div>\n\t\t\t\t\t<\/div>\n\t\t\t\t<\/div>\n\t\t\t\t<\/div>\n\t\t","protected":false},"excerpt":{"rendered":"<p>Du 13 au 18 mai 2024, un premier groupe d\u2019ambassadeurs de nos \u00e9coles s\u2019est retrouv\u00e9 en Espagne, chez notre partenaire de Gandia. Premi\u00e8re exp\u00e9rience de voyage pour beaucoup, premier vol en avion pour certains et grand stress de se faire accueillir dans une famille ne parlant pas notre langue. Et pourtant\u2026 nos jeunes sont revenus [&hellip;]<\/p>\n","protected":false},"author":1,"featured_media":0,"parent":9162,"menu_order":0,"comment_status":"closed","ping_status":"closed","template":"","meta":{"iawp_total_views":43,"footnotes":""},"class_list":["post-9062","page","type-page","status-publish","hentry"],"_links":{"self":[{"href":"https:\/\/saintremaclestavelot.be\/secondaire\/wp-json\/wp\/v2\/pages\/9062","targetHints":{"allow":["GET"]}}],"collection":[{"href":"https:\/\/saintremaclestavelot.be\/secondaire\/wp-json\/wp\/v2\/pages"}],"about":[{"href":"https:\/\/saintremaclestavelot.be\/secondaire\/wp-json\/wp\/v2\/types\/page"}],"author":[{"embeddable":true,"href":"https:\/\/saintremaclestavelot.be\/secondaire\/wp-json\/wp\/v2\/users\/1"}],"replies":[{"embeddable":true,"href":"https:\/\/saintremaclestavelot.be\/secondaire\/wp-json\/wp\/v2\/comments?post=9062"}],"version-history":[{"count":10,"href":"https:\/\/saintremaclestavelot.be\/secondaire\/wp-json\/wp\/v2\/pages\/9062\/revisions"}],"predecessor-version":[{"id":9186,"href":"https:\/\/saintremaclestavelot.be\/secondaire\/wp-json\/wp\/v2\/pages\/9062\/revisions\/9186"}],"up":[{"embeddable":true,"href":"https:\/\/saintremaclestavelot.be\/secondaire\/wp-json\/wp\/v2\/pages\/9162"}],"wp:attachment":[{"href":"https:\/\/saintremaclestavelot.be\/secondaire\/wp-json\/wp\/v2\/media?parent=9062"}],"curies":[{"name":"wp","href":"https:\/\/api.w.org\/{rel}","templated":true}]}}