{"id":288,"date":"2024-05-13T12:03:14","date_gmt":"2024-05-13T10:03:14","guid":{"rendered":"https:\/\/dev.cssr.be\/secondaire\/?page_id=288"},"modified":"2026-03-31T20:22:51","modified_gmt":"2026-03-31T18:22:51","slug":"5eme-et-6eme-annees","status":"publish","type":"page","link":"https:\/\/saintremaclestavelot.be\/secondaire\/programmes-scolaires\/5eme-et-6eme-annees\/","title":{"rendered":"5\u00e8me et 6\u00e8me ann\u00e9es"},"content":{"rendered":"\t\t<div data-elementor-type=\"wp-page\" data-elementor-id=\"288\" class=\"elementor elementor-288\" data-elementor-post-type=\"page\">\n\t\t\t\t<div class=\"elementor-element elementor-element-11778101 e-flex e-con-boxed e-con e-parent\" data-id=\"11778101\" data-element_type=\"container\" data-e-type=\"container\">\n\t\t\t\t\t<div class=\"e-con-inner\">\n\t\t\t\t<div class=\"elementor-element elementor-element-5d82a162 elementor-widget elementor-widget-spacer\" data-id=\"5d82a162\" data-element_type=\"widget\" data-e-type=\"widget\" data-widget_type=\"spacer.default\">\n\t\t\t\t<div class=\"elementor-widget-container\">\n\t\t\t\t\t\t\t<div class=\"elementor-spacer\">\n\t\t\t<div class=\"elementor-spacer-inner\"><\/div>\n\t\t<\/div>\n\t\t\t\t\t\t<\/div>\n\t\t\t\t<\/div>\n\t\t\t\t<div class=\"elementor-element elementor-element-3b09181e elementor-widget elementor-widget-heading\" data-id=\"3b09181e\" data-element_type=\"widget\" data-e-type=\"widget\" data-widget_type=\"heading.default\">\n\t\t\t\t<div class=\"elementor-widget-container\">\n\t\t\t\t\t<h1 class=\"elementor-heading-title elementor-size-default\">5\u00e8me et 6\u00e8me ann\u00e9es<\/h1>\t\t\t\t<\/div>\n\t\t\t\t<\/div>\n\t\t\t\t\t<\/div>\n\t\t\t\t<\/div>\n\t\t<div class=\"elementor-element elementor-element-551d00a e-flex e-con-boxed e-con e-parent\" data-id=\"551d00a\" data-element_type=\"container\" data-e-type=\"container\">\n\t\t\t\t\t<div class=\"e-con-inner\">\n\t\t<div class=\"elementor-element elementor-element-ce71efa e-flex e-con-boxed e-con e-child\" data-id=\"ce71efa\" data-element_type=\"container\" data-e-type=\"container\">\n\t\t\t\t\t<div class=\"e-con-inner\">\n\t\t\t\t<div class=\"elementor-element elementor-element-cff166a elementor-widget elementor-widget-button\" data-id=\"cff166a\" data-element_type=\"widget\" data-e-type=\"widget\" data-widget_type=\"button.default\">\n\t\t\t\t<div class=\"elementor-widget-container\">\n\t\t\t\t\t\t\t\t\t<div class=\"elementor-button-wrapper\">\n\t\t\t\t\t<a class=\"elementor-button elementor-button-link elementor-size-sm\" href=\"https:\/\/saintremaclestavelot.be\/secondaire\/programmes-scolaires\/3eme-et-4eme-annees\/\">\n\t\t\t\t\t\t<span class=\"elementor-button-content-wrapper\">\n\t\t\t\t\t\t<span class=\"elementor-button-icon\">\n\t\t\t\t<svg aria-hidden=\"true\" class=\"e-font-icon-svg e-far-arrow-alt-circle-left\" viewBox=\"0 0 512 512\" xmlns=\"http:\/\/www.w3.org\/2000\/svg\"><path d=\"M8 256c0 137 111 248 248 248s248-111 248-248S393 8 256 8 8 119 8 256zm448 0c0 110.5-89.5 200-200 200S56 366.5 56 256 145.5 56 256 56s200 89.5 200 200zm-72-20v40c0 6.6-5.4 12-12 12H256v67c0 10.7-12.9 16-20.5 8.5l-99-99c-4.7-4.7-4.7-12.3 0-17l99-99c7.6-7.6 20.5-2.2 20.5 8.5v67h116c6.6 0 12 5.4 12 12z\"><\/path><\/svg>\t\t\t<\/span>\n\t\t\t\t\t\t\t\t\t<span class=\"elementor-button-text\">3\u00e8me &amp; 4\u00e8me ann\u00e9e<\/span>\n\t\t\t\t\t<\/span>\n\t\t\t\t\t<\/a>\n\t\t\t\t<\/div>\n\t\t\t\t\t\t\t\t<\/div>\n\t\t\t\t<\/div>\n\t\t\t\t\t<\/div>\n\t\t\t\t<\/div>\n\t\t<div class=\"elementor-element elementor-element-65a3a6c e-flex e-con-boxed e-con e-child\" data-id=\"65a3a6c\" data-element_type=\"container\" data-e-type=\"container\">\n\t\t\t\t\t<div class=\"e-con-inner\">\n\t\t\t\t<div class=\"elementor-element elementor-element-cd091ec elementor-widget elementor-widget-button\" data-id=\"cd091ec\" data-element_type=\"widget\" data-e-type=\"widget\" data-widget_type=\"button.default\">\n\t\t\t\t<div class=\"elementor-widget-container\">\n\t\t\t\t\t\t\t\t\t<div class=\"elementor-button-wrapper\">\n\t\t\t\t\t<a class=\"elementor-button elementor-button-link elementor-size-sm\" href=\"https:\/\/mesetudes.be\/\" target=\"_blank\">\n\t\t\t\t\t\t<span class=\"elementor-button-content-wrapper\">\n\t\t\t\t\t\t<span class=\"elementor-button-icon\">\n\t\t\t\t<svg aria-hidden=\"true\" class=\"e-font-icon-svg e-far-arrow-alt-circle-right\" viewBox=\"0 0 512 512\" xmlns=\"http:\/\/www.w3.org\/2000\/svg\"><path d=\"M504 256C504 119 393 8 256 8S8 119 8 256s111 248 248 248 248-111 248-248zm-448 0c0-110.5 89.5-200 200-200s200 89.5 200 200-89.5 200-200 200S56 366.5 56 256zm72 20v-40c0-6.6 5.4-12 12-12h116v-67c0-10.7 12.9-16 20.5-8.5l99 99c4.7 4.7 4.7 12.3 0 17l-99 99c-7.6 7.6-20.5 2.2-20.5-8.5v-67H140c-6.6 0-12-5.4-12-12z\"><\/path><\/svg>\t\t\t<\/span>\n\t\t\t\t\t\t\t\t\t<span class=\"elementor-button-text\">et apr\u00e8s?<\/span>\n\t\t\t\t\t<\/span>\n\t\t\t\t\t<\/a>\n\t\t\t\t<\/div>\n\t\t\t\t\t\t\t\t<\/div>\n\t\t\t\t<\/div>\n\t\t\t\t\t<\/div>\n\t\t\t\t<\/div>\n\t\t\t\t\t<\/div>\n\t\t\t\t<\/div>\n\t\t<div class=\"elementor-element elementor-element-71161b1 e-flex e-con-boxed e-con e-parent\" data-id=\"71161b1\" data-element_type=\"container\" data-e-type=\"container\">\n\t\t\t\t\t<div class=\"e-con-inner\">\n\t\t<div class=\"elementor-element elementor-element-8df155f e-flex e-con-boxed e-con e-child\" data-id=\"8df155f\" data-element_type=\"container\" data-e-type=\"container\">\n\t\t\t\t\t<div class=\"e-con-inner\">\n\t\t\t\t<div class=\"elementor-element elementor-element-88e4765 elementor-widget elementor-widget-text-editor\" data-id=\"88e4765\" data-element_type=\"widget\" data-e-type=\"widget\" data-widget_type=\"text-editor.default\">\n\t\t\t\t<div class=\"elementor-widget-container\">\n\t\t\t\t\t\t\t\t\t<p>Lors du troisi\u00e8me degr\u00e9, les options sont poursuivies et renforc\u00e9es ; de nouvelles options sont propos\u00e9es. L\u2019\u00e9l\u00e8ve compl\u00e8te son horaire par des activit\u00e9s compl\u00e9mentaires dont le but essentiel est la pr\u00e9paration aux \u00e9tudes sup\u00e9rieures.\u00a0<\/p>\t\t\t\t\t\t\t\t<\/div>\n\t\t\t\t<\/div>\n\t\t<div class=\"elementor-element elementor-element-7de563e e-flex e-con-boxed e-con e-child\" data-id=\"7de563e\" data-element_type=\"container\" data-e-type=\"container\" data-settings=\"{&quot;background_background&quot;:&quot;classic&quot;}\">\n\t\t\t\t\t<div class=\"e-con-inner\">\n\t\t\t\t<div class=\"elementor-element elementor-element-09d927f elementor-widget elementor-widget-heading\" data-id=\"09d927f\" data-element_type=\"widget\" data-e-type=\"widget\" data-widget_type=\"heading.default\">\n\t\t\t\t<div class=\"elementor-widget-container\">\n\t\t\t\t\t<h2 class=\"elementor-heading-title elementor-size-default\">Grilles<\/h2>\t\t\t\t<\/div>\n\t\t\t\t<\/div>\n\t\t\t\t<div class=\"elementor-element elementor-element-e4006bf elementor-widget elementor-widget-html\" data-id=\"e4006bf\" data-element_type=\"widget\" data-e-type=\"widget\" data-widget_type=\"html.default\">\n\t\t\t\t<div class=\"elementor-widget-container\">\n\t\t\t\t\t<section class=\"brochure-cta\">\r\n    <div class=\"brochure-card\">\r\n        <div class=\"brochure-content\">\r\n            <div class=\"brochure-icon\">\ud83d\udcd8<\/div>\r\n\r\n            <div class=\"brochure-text\">\r\n                <h3>T\u00e9l\u00e9charger la brochure<\/h3>\r\n                <p>\r\n                    Retrouvez toutes les informations d\u00e9taill\u00e9es sur les grilles,\r\n                    les options et le parcours scolaire dans notre brochure compl\u00e8te.\r\n                <\/p>\r\n            <\/div>\r\n\r\n            <div class=\"brochure-action\">\r\n                <a href=\"https:\/\/saintremaclestavelot.be\/secondaire\/wp-content\/uploads\/sites\/2\/2026\/03\/Brochure-5-6.pdf\" class=\"brochure-button\">\r\n                    T\u00e9l\u00e9charger (PDF)\r\n                <\/a>\r\n            <\/div>\r\n        <\/div>\r\n    <\/div>\r\n<\/section>\t\t\t\t<\/div>\n\t\t\t\t<\/div>\n\t\t\t\t<div class=\"elementor-element elementor-element-1bf4664 elementor-widget elementor-widget-html\" data-id=\"1bf4664\" data-element_type=\"widget\" data-e-type=\"widget\" data-widget_type=\"html.default\">\n\t\t\t\t<div class=\"elementor-widget-container\">\n\t\t\t\t\t<section class=\"formation-obligatoire-modern\">\r\n    <h2>Formation obligatoire<\/h2>\r\n\r\n    <div class=\"mandatory-grid-card\">\r\n        <div class=\"mandatory-row\">\r\n            <span class=\"mandatory-label\">Religion<\/span>\r\n            <span class=\"mandatory-value\">2 p.<\/span>\r\n        <\/div>\r\n\r\n        <div class=\"mandatory-row\">\r\n            <span class=\"mandatory-label\">G\u00e9ographie<\/span>\r\n            <span class=\"mandatory-value\">2 p.<\/span>\r\n        <\/div>\r\n\r\n        <div class=\"mandatory-row\">\r\n            <span class=\"mandatory-label\">Histoire<\/span>\r\n            <span class=\"mandatory-value\">2 p.<\/span>\r\n        <\/div>\r\n\r\n        <div class=\"mandatory-row\">\r\n            <span class=\"mandatory-label\">\u00c9ducation Physique<\/span>\r\n            <span class=\"mandatory-value\">2 p.<\/span>\r\n        <\/div>\r\n\r\n        <div class=\"mandatory-row\">\r\n            <span class=\"mandatory-label\">Fran\u00e7ais<\/span>\r\n            <span class=\"mandatory-value\">4 p.<\/span>\r\n        <\/div>\r\n\r\n        <div class=\"mandatory-row\">\r\n            <span class=\"mandatory-label\">Langue Moderne I (Allemand - Anglais - N\u00e9erlandais)<\/span>\r\n            <span class=\"mandatory-value\">4 p.<\/span>\r\n        <\/div>\r\n\r\n        <div class=\"mandatory-row\">\r\n            <span class=\"mandatory-label\">Sciences<\/span>\r\n            <span class=\"mandatory-value\">3 p.<\/span>\r\n        <\/div>\r\n    <\/div>\r\n\r\n    <div class=\"mandatory-total-line\">\r\n        <span class=\"total-label\">Total<\/span>\r\n        <span class=\"total-value\">19 p.<\/span>\r\n    <\/div>\r\n<\/section>\t\t\t\t<\/div>\n\t\t\t\t<\/div>\n\t\t\t\t<div class=\"elementor-element elementor-element-0da9d18 elementor-widget elementor-widget-html\" data-id=\"0da9d18\" data-element_type=\"widget\" data-e-type=\"widget\" data-widget_type=\"html.default\">\n\t\t\t\t<div class=\"elementor-widget-container\">\n\t\t\t\t\t<section class=\"formation-optionnelle-modern third-degree-options\">\r\n    <h2>Options et activit\u00e9s compl\u00e9mentaires au 3<sup>e<\/sup> degr\u00e9<\/h2>\r\n\r\n    <div class=\"grid-options-card\">\r\n\r\n        <!-- Ligne 1 -->\r\n        <div class=\"option-row option-row-3deg-top\">\r\n            <div class=\"option-box\">\r\n                <div class=\"option-content\">\r\n                    <div class=\"option-title\">Langue moderne II N\u00e9erlandais*<\/div>\r\n                    <div class=\"option-hours\">(4h)<\/div>\r\n                <\/div>\r\n            <\/div>\r\n\r\n            <div class=\"option-box\">\r\n                <div class=\"option-content\">\r\n                    <div class=\"option-title\">Langue moderne II Anglais*<\/div>\r\n                    <div class=\"option-hours\">(4h)<\/div>\r\n                <\/div>\r\n            <\/div>\r\n\r\n            <div class=\"option-side option-side-multi\">\r\n                <span class=\"badge-hours\">+4h<\/span>\r\n            <\/div>\r\n        <\/div>\r\n\r\n        <!-- Ligne 2 -->\r\n        <div class=\"option-row option-row-3deg-five\">\r\n            <div class=\"option-box\">\r\n                <div class=\"option-content\">\r\n                    <div class=\"option-title\">Math 6*<\/div>\r\n                    <div class=\"option-hours\">(6h)<\/div>\r\n                <\/div>\r\n            <\/div>\r\n\r\n            <div class=\"option-box\">\r\n                <div class=\"option-content\">\r\n                    <div class=\"option-title\">Espagnol*<\/div>\r\n                    <div class=\"option-subtitle\">(Pas possible avec Latin)<\/div>\r\n                    <div class=\"option-hours\">(4h)<\/div>\r\n                <\/div>\r\n            <\/div>\r\n\r\n            <div class=\"option-box\">\r\n                <div class=\"option-content\">\r\n                    <div class=\"option-title\">Civilisation grecque<\/div>\r\n                    <div class=\"option-hours\">(2h)<\/div>\r\n                <\/div>\r\n            <\/div>\r\n\r\n            <div class=\"option-box\">\r\n                <div class=\"option-content\">\r\n                    <div class=\"option-title\">Sports<\/div>\r\n                    <div class=\"option-hours\">(2h)<\/div>\r\n                <\/div>\r\n            <\/div>\r\n\r\n            <div class=\"option-box\">\r\n                <div class=\"option-content\">\r\n                    <div class=\"option-title\">Informatique<\/div>\r\n                    <div class=\"option-hours\">(2h)<\/div>\r\n                <\/div>\r\n            <\/div>\r\n\r\n            <div class=\"option-side option-side-multi option-side-stack\">\r\n                <span class=\"badge-hours\">+2h<\/span>\r\n                <span class=\"badge-hours\">+4h<\/span>\r\n                <span class=\"badge-hours\">+6h<\/span>\r\n            <\/div>\r\n        <\/div>\r\n\r\n        <!-- Ligne 3 -->\r\n        <div class=\"option-row option-row-3deg-three\">\r\n            <div class=\"option-box\">\r\n                <div class=\"option-content\">\r\n                    <div class=\"option-title\">Latin*<\/div>\r\n                    <div class=\"option-subtitle\">(Pas possible avec Espagnol)<\/div>\r\n                    <div class=\"option-hours\">(4h)<\/div>\r\n                <\/div>\r\n            <\/div>\r\n\r\n            <div class=\"option-box\">\r\n                <div class=\"option-content\">\r\n                    <div class=\"option-title\">Sciences \u00e9conomiques*<\/div>\r\n                    <div class=\"option-hours\">(4h)<\/div>\r\n                <\/div>\r\n            <\/div>\r\n\r\n            <div class=\"option-box\">\r\n                <div class=\"option-content\">\r\n                    <div class=\"option-title\">Sciences sociales*<\/div>\r\n                    <div class=\"option-hours\">(4h)<\/div>\r\n                <\/div>\r\n            <\/div>\r\n\r\n            <div class=\"option-side option-side-multi\">\r\n                <span class=\"badge-hours\">+4h<\/span>\r\n            <\/div>\r\n        <\/div>\r\n\r\n        <!-- Ligne 4 -->\r\n        <div class=\"option-row option-row-3deg-single\">\r\n            <div class=\"option-box option-box-full\">\r\n                <div class=\"option-content\">\r\n                    <div class=\"option-title\">Sciences 6*<\/div>\r\n                    <div class=\"option-subtitle\">3h d\u00e9j\u00e0 dans la formation commune<\/div>\r\n                    <div class=\"option-subtitle\">(Pas possible avec Math 2)<\/div>\r\n                    <div class=\"option-hours\">(3h)<\/div>\r\n                <\/div>\r\n            <\/div>\r\n\r\n            <div class=\"option-side option-side-multi\">\r\n                <span class=\"badge-hours\">+3h<\/span>\r\n            <\/div>\r\n        <\/div>\r\n\r\n        <!-- Ligne 5 -->\r\n        <div class=\"option-row option-row-3deg-single\">\r\n            <div class=\"option-box option-box-full\">\r\n                <div class=\"option-content\">\r\n                    <div class=\"option-title\">Math 4*<\/div>\r\n                    <div class=\"option-hours\">(4h)<\/div>\r\n                <\/div>\r\n            <\/div>\r\n\r\n            <div class=\"option-side option-side-multi\">\r\n                <span class=\"badge-hours\">+4h<\/span>\r\n            <\/div>\r\n        <\/div>\r\n\r\n        <!-- Ligne 6 -->\r\n        <div class=\"option-row option-row-3deg-bottom\">\r\n            <div class=\"option-box\">\r\n                <div class=\"option-content\">\r\n                    <div class=\"option-title\">Math 2<\/div>\r\n                    <div class=\"option-subtitle\">(Pas possible avec Sciences 6)<\/div>\r\n                    <div class=\"option-hours\">(2h)<\/div>\r\n                <\/div>\r\n            <\/div>\r\n\r\n            <div class=\"option-box\">\r\n                <div class=\"option-content\">\r\n                    <div class=\"option-title\">PESM<\/div>\r\n                    <div class=\"option-subtitle\">Math 6 obligatoire<\/div>\r\n                    <div class=\"option-subtitle\">(Pas possible avec PESS, ni Latin)<\/div>\r\n                    <div class=\"option-hours\">(2h)<\/div>\r\n                <\/div>\r\n            <\/div>\r\n\r\n            <div class=\"option-box\">\r\n                <div class=\"option-content\">\r\n                    <div class=\"option-title\">Culture<\/div>\r\n                    <div class=\"option-hours\">(2h)<\/div>\r\n                <\/div>\r\n            <\/div>\r\n\r\n            <div class=\"option-side option-side-multi\">\r\n                <span class=\"badge-hours\">+2h<\/span>\r\n            <\/div>\r\n        <\/div>\r\n\r\n        <!-- Ligne 7 -->\r\n        <div class=\"option-row option-row-3deg-last\">\r\n            <div class=\"option-box\">\r\n                <div class=\"option-content\">\r\n                    <div class=\"option-title\">PESS<\/div>\r\n                    <div class=\"option-subtitle\">Sciences 6 obligatoire<\/div>\r\n                    <div class=\"option-subtitle\">(Pas possible avec PESM)<\/div>\r\n                    <div class=\"option-hours\">(1h)<\/div>\r\n                <\/div>\r\n            <\/div>\r\n\r\n            <div class=\"option-box\">\r\n                <div class=\"option-content\">\r\n                    <div class=\"option-title\">Philo<\/div>\r\n                    <div class=\"option-hours\">(1h)<\/div>\r\n                <\/div>\r\n            <\/div>\r\n\r\n            <div class=\"option-side option-side-multi\">\r\n                <span class=\"badge-hours\">+1h<\/span>\r\n            <\/div>\r\n        <\/div>\r\n        <div class=\"option-total-line\">\r\n        <span>Total<\/span>\r\n        <span>28 \u00e0 32 p.<\/span>\r\n    <\/div>\r\n    <\/div>\r\n<\/section>\t\t\t\t<\/div>\n\t\t\t\t<\/div>\n\t\t\t\t\t<\/div>\n\t\t\t\t<\/div>\n\t\t\t\t\t<\/div>\n\t\t\t\t<\/div>\n\t\t\t\t\t<\/div>\n\t\t\t\t<\/div>\n\t\t\t\t<\/div>\n\t\t","protected":false},"excerpt":{"rendered":"<p>5\u00e8me et 6\u00e8me ann\u00e9es 3\u00e8me &amp; 4\u00e8me ann\u00e9e et apr\u00e8s? Lors du troisi\u00e8me degr\u00e9, les options sont poursuivies et renforc\u00e9es ; de nouvelles options sont propos\u00e9es. L\u2019\u00e9l\u00e8ve compl\u00e8te son horaire par des activit\u00e9s compl\u00e9mentaires dont le but essentiel est la pr\u00e9paration aux \u00e9tudes sup\u00e9rieures.\u00a0 Grilles \ud83d\udcd8 T\u00e9l\u00e9charger la brochure Retrouvez toutes les informations d\u00e9taill\u00e9es sur [&hellip;]<\/p>\n","protected":false},"author":1,"featured_media":0,"parent":280,"menu_order":0,"comment_status":"closed","ping_status":"closed","template":"","meta":{"iawp_total_views":1207,"footnotes":""},"class_list":["post-288","page","type-page","status-publish","hentry"],"_links":{"self":[{"href":"https:\/\/saintremaclestavelot.be\/secondaire\/wp-json\/wp\/v2\/pages\/288","targetHints":{"allow":["GET"]}}],"collection":[{"href":"https:\/\/saintremaclestavelot.be\/secondaire\/wp-json\/wp\/v2\/pages"}],"about":[{"href":"https:\/\/saintremaclestavelot.be\/secondaire\/wp-json\/wp\/v2\/types\/page"}],"author":[{"embeddable":true,"href":"https:\/\/saintremaclestavelot.be\/secondaire\/wp-json\/wp\/v2\/users\/1"}],"replies":[{"embeddable":true,"href":"https:\/\/saintremaclestavelot.be\/secondaire\/wp-json\/wp\/v2\/comments?post=288"}],"version-history":[{"count":41,"href":"https:\/\/saintremaclestavelot.be\/secondaire\/wp-json\/wp\/v2\/pages\/288\/revisions"}],"predecessor-version":[{"id":9729,"href":"https:\/\/saintremaclestavelot.be\/secondaire\/wp-json\/wp\/v2\/pages\/288\/revisions\/9729"}],"up":[{"embeddable":true,"href":"https:\/\/saintremaclestavelot.be\/secondaire\/wp-json\/wp\/v2\/pages\/280"}],"wp:attachment":[{"href":"https:\/\/saintremaclestavelot.be\/secondaire\/wp-json\/wp\/v2\/media?parent=288"}],"curies":[{"name":"wp","href":"https:\/\/api.w.org\/{rel}","templated":true}]}}