{"id":286,"date":"2024-05-13T12:02:51","date_gmt":"2024-05-13T10:02:51","guid":{"rendered":"https:\/\/dev.cssr.be\/secondaire\/?page_id=286"},"modified":"2026-03-31T20:20:31","modified_gmt":"2026-03-31T18:20:31","slug":"3eme-et-4eme-annees","status":"publish","type":"page","link":"https:\/\/saintremaclestavelot.be\/secondaire\/programmes-scolaires\/3eme-et-4eme-annees\/","title":{"rendered":"3\u00e8me et 4\u00e8me ann\u00e9es"},"content":{"rendered":"\t\t<div data-elementor-type=\"wp-page\" data-elementor-id=\"286\" class=\"elementor elementor-286\" data-elementor-post-type=\"page\">\n\t\t\t\t<div class=\"elementor-element elementor-element-51eb6446 e-flex e-con-boxed e-con e-parent\" data-id=\"51eb6446\" data-element_type=\"container\" data-e-type=\"container\">\n\t\t\t\t\t<div class=\"e-con-inner\">\n\t\t\t\t<div class=\"elementor-element elementor-element-41524724 elementor-widget elementor-widget-spacer\" data-id=\"41524724\" data-element_type=\"widget\" data-e-type=\"widget\" data-widget_type=\"spacer.default\">\n\t\t\t\t<div class=\"elementor-widget-container\">\n\t\t\t\t\t\t\t<div class=\"elementor-spacer\">\n\t\t\t<div class=\"elementor-spacer-inner\"><\/div>\n\t\t<\/div>\n\t\t\t\t\t\t<\/div>\n\t\t\t\t<\/div>\n\t\t\t\t<div class=\"elementor-element elementor-element-460b32e5 elementor-widget elementor-widget-heading\" data-id=\"460b32e5\" data-element_type=\"widget\" data-e-type=\"widget\" data-widget_type=\"heading.default\">\n\t\t\t\t<div class=\"elementor-widget-container\">\n\t\t\t\t\t<h1 class=\"elementor-heading-title elementor-size-default\">3\u00e8me et 4\u00e8me ann\u00e9es<\/h1>\t\t\t\t<\/div>\n\t\t\t\t<\/div>\n\t\t\t\t\t<\/div>\n\t\t\t\t<\/div>\n\t\t<div class=\"elementor-element elementor-element-b684dfd e-flex e-con-boxed e-con e-parent\" data-id=\"b684dfd\" data-element_type=\"container\" data-e-type=\"container\">\n\t\t\t\t\t<div class=\"e-con-inner\">\n\t\t<div class=\"elementor-element elementor-element-725ca7a e-flex e-con-boxed e-con e-child\" data-id=\"725ca7a\" data-element_type=\"container\" data-e-type=\"container\">\n\t\t\t\t\t<div class=\"e-con-inner\">\n\t\t\t\t<div class=\"elementor-element elementor-element-239e71c elementor-widget elementor-widget-button\" data-id=\"239e71c\" data-element_type=\"widget\" data-e-type=\"widget\" data-widget_type=\"button.default\">\n\t\t\t\t<div class=\"elementor-widget-container\">\n\t\t\t\t\t\t\t\t\t<div class=\"elementor-button-wrapper\">\n\t\t\t\t\t<a class=\"elementor-button elementor-button-link elementor-size-sm\" href=\"https:\/\/saintremaclestavelot.be\/secondaire\/programmes-scolaires\/2eme-annee\/\">\n\t\t\t\t\t\t<span class=\"elementor-button-content-wrapper\">\n\t\t\t\t\t\t<span class=\"elementor-button-icon\">\n\t\t\t\t<svg aria-hidden=\"true\" class=\"e-font-icon-svg e-far-arrow-alt-circle-left\" viewBox=\"0 0 512 512\" xmlns=\"http:\/\/www.w3.org\/2000\/svg\"><path d=\"M8 256c0 137 111 248 248 248s248-111 248-248S393 8 256 8 8 119 8 256zm448 0c0 110.5-89.5 200-200 200S56 366.5 56 256 145.5 56 256 56s200 89.5 200 200zm-72-20v40c0 6.6-5.4 12-12 12H256v67c0 10.7-12.9 16-20.5 8.5l-99-99c-4.7-4.7-4.7-12.3 0-17l99-99c7.6-7.6 20.5-2.2 20.5 8.5v67h116c6.6 0 12 5.4 12 12z\"><\/path><\/svg>\t\t\t<\/span>\n\t\t\t\t\t\t\t\t\t<span class=\"elementor-button-text\">2\u00e8me ann\u00e9e<\/span>\n\t\t\t\t\t<\/span>\n\t\t\t\t\t<\/a>\n\t\t\t\t<\/div>\n\t\t\t\t\t\t\t\t<\/div>\n\t\t\t\t<\/div>\n\t\t\t\t\t<\/div>\n\t\t\t\t<\/div>\n\t\t<div class=\"elementor-element elementor-element-5226ee0 e-flex e-con-boxed e-con e-child\" data-id=\"5226ee0\" data-element_type=\"container\" data-e-type=\"container\">\n\t\t\t\t\t<div class=\"e-con-inner\">\n\t\t\t\t<div class=\"elementor-element elementor-element-874501e elementor-widget elementor-widget-button\" data-id=\"874501e\" data-element_type=\"widget\" data-e-type=\"widget\" data-widget_type=\"button.default\">\n\t\t\t\t<div class=\"elementor-widget-container\">\n\t\t\t\t\t\t\t\t\t<div class=\"elementor-button-wrapper\">\n\t\t\t\t\t<a class=\"elementor-button elementor-button-link elementor-size-sm\" href=\"https:\/\/saintremaclestavelot.be\/secondaire\/programmes-scolaires\/5eme-et-6eme-annees\/\">\n\t\t\t\t\t\t<span class=\"elementor-button-content-wrapper\">\n\t\t\t\t\t\t<span class=\"elementor-button-icon\">\n\t\t\t\t<svg aria-hidden=\"true\" class=\"e-font-icon-svg e-far-arrow-alt-circle-right\" viewBox=\"0 0 512 512\" xmlns=\"http:\/\/www.w3.org\/2000\/svg\"><path d=\"M504 256C504 119 393 8 256 8S8 119 8 256s111 248 248 248 248-111 248-248zm-448 0c0-110.5 89.5-200 200-200s200 89.5 200 200-89.5 200-200 200S56 366.5 56 256zm72 20v-40c0-6.6 5.4-12 12-12h116v-67c0-10.7 12.9-16 20.5-8.5l99 99c4.7 4.7 4.7 12.3 0 17l-99 99c-7.6 7.6-20.5 2.2-20.5-8.5v-67H140c-6.6 0-12-5.4-12-12z\"><\/path><\/svg>\t\t\t<\/span>\n\t\t\t\t\t\t\t\t\t<span class=\"elementor-button-text\">5\u00e8me &amp; 6\u00e8me ann\u00e9e<\/span>\n\t\t\t\t\t<\/span>\n\t\t\t\t\t<\/a>\n\t\t\t\t<\/div>\n\t\t\t\t\t\t\t\t<\/div>\n\t\t\t\t<\/div>\n\t\t\t\t\t<\/div>\n\t\t\t\t<\/div>\n\t\t\t\t\t<\/div>\n\t\t\t\t<\/div>\n\t\t<div class=\"elementor-element elementor-element-3e143f4c e-flex e-con-boxed e-con e-child\" data-id=\"3e143f4c\" data-element_type=\"container\" data-e-type=\"container\">\n\t\t\t\t\t<div class=\"e-con-inner\">\n\t\t<div class=\"elementor-element elementor-element-4c4cb24 e-con-full e-flex e-con e-child\" data-id=\"4c4cb24\" data-element_type=\"container\" data-e-type=\"container\">\n\t\t\t\t<div class=\"elementor-element elementor-element-cfb1f79 elementor-widget elementor-widget-text-editor\" data-id=\"cfb1f79\" data-element_type=\"widget\" data-e-type=\"widget\" data-widget_type=\"text-editor.default\">\n\t\t\t\t<div class=\"elementor-widget-container\">\n\t\t\t\t\t\t\t\t\t<p><span class=\"a_GcMg font-feature-liga-off font-feature-clig-off font-feature-calt-off text-decoration-none text-strikethrough-none\">Le deuxi\u00e8me degr\u00e9 ou degr\u00e9 d\u2019orientation : fort des acquisitions du 1er degr\u00e9, l\u2019\u00e9l\u00e8ve qui choisit la fili\u00e8re de l\u2019enseignement g\u00e9n\u00e9ral s\u2019engage dans une formation qui compte des disciplines relevant de la formation commune et choisit ses options en fonction de ses go\u00fbts et aptitudes.<\/span><\/p>\t\t\t\t\t\t\t\t<\/div>\n\t\t\t\t<\/div>\n\t\t\t\t<\/div>\n\t\t<div class=\"elementor-element elementor-element-1d54574d e-flex e-con-boxed e-con e-child\" data-id=\"1d54574d\" data-element_type=\"container\" data-e-type=\"container\" data-settings=\"{&quot;background_background&quot;:&quot;classic&quot;}\">\n\t\t\t\t\t<div class=\"e-con-inner\">\n\t\t\t\t<div class=\"elementor-element elementor-element-69ac139e elementor-widget elementor-widget-heading\" data-id=\"69ac139e\" data-element_type=\"widget\" data-e-type=\"widget\" data-widget_type=\"heading.default\">\n\t\t\t\t<div class=\"elementor-widget-container\">\n\t\t\t\t\t<h2 class=\"elementor-heading-title elementor-size-default\">Grilles<\/h2>\t\t\t\t<\/div>\n\t\t\t\t<\/div>\n\t\t\t\t<div class=\"elementor-element elementor-element-da57332 elementor-widget elementor-widget-html\" data-id=\"da57332\" data-element_type=\"widget\" data-e-type=\"widget\" data-widget_type=\"html.default\">\n\t\t\t\t<div class=\"elementor-widget-container\">\n\t\t\t\t\t<section class=\"brochure-cta\">\r\n    <div class=\"brochure-card\">\r\n        <div class=\"brochure-content\">\r\n            <div class=\"brochure-icon\">\ud83d\udcd8<\/div>\r\n\r\n            <div class=\"brochure-text\">\r\n                <h3>T\u00e9l\u00e9charger la brochure<\/h3>\r\n                <p>\r\n                    Retrouvez toutes les informations d\u00e9taill\u00e9es sur les grilles,\r\n                    les options et le parcours scolaire dans notre brochure compl\u00e8te.\r\n                <\/p>\r\n            <\/div>\r\n\r\n            <div class=\"brochure-action\">\r\n                <a href=\"https:\/\/saintremaclestavelot.be\/secondaire\/wp-content\/uploads\/sites\/2\/2026\/03\/Brochure-3-4.pdf\" class=\"brochure-button\">\r\n                    T\u00e9l\u00e9charger (PDF)\r\n                <\/a>\r\n            <\/div>\r\n        <\/div>\r\n    <\/div>\r\n<\/section>\t\t\t\t<\/div>\n\t\t\t\t<\/div>\n\t\t\t\t<div class=\"elementor-element elementor-element-fd46e4c elementor-widget elementor-widget-html\" data-id=\"fd46e4c\" data-element_type=\"widget\" data-e-type=\"widget\" data-widget_type=\"html.default\">\n\t\t\t\t<div class=\"elementor-widget-container\">\n\t\t\t\t\t<section class=\"formation-obligatoire-modern\">\r\n    <h2>Formation obligatoire<\/h2>\r\n\r\n    <div class=\"mandatory-grid-card\">\r\n        <div class=\"mandatory-row\">\r\n            <span class=\"mandatory-label\">Religion<\/span>\r\n            <span class=\"mandatory-value\">2 p.<\/span>\r\n        <\/div>\r\n\r\n        <div class=\"mandatory-row\">\r\n            <span class=\"mandatory-label\">G\u00e9ographie<\/span>\r\n            <span class=\"mandatory-value\">2 p.<\/span>\r\n        <\/div>\r\n\r\n        <div class=\"mandatory-row\">\r\n            <span class=\"mandatory-label\">Histoire<\/span>\r\n            <span class=\"mandatory-value\">2 p.<\/span>\r\n        <\/div>\r\n\r\n        <div class=\"mandatory-row\">\r\n            <span class=\"mandatory-label\">\u00c9ducation Physique<\/span>\r\n            <span class=\"mandatory-value\">2 p.<\/span>\r\n        <\/div>\r\n\r\n        <div class=\"mandatory-row\">\r\n            <span class=\"mandatory-label\">Fran\u00e7ais<\/span>\r\n            <span class=\"mandatory-value\">5 p.<\/span>\r\n        <\/div>\r\n\r\n        <div class=\"mandatory-row\">\r\n            <span class=\"mandatory-label\">Langue Moderne I (Allemand - Anglais - N\u00e9erlandais)<\/span>\r\n            <span class=\"mandatory-value\">4 p.<\/span>\r\n        <\/div>\r\n\r\n        <div class=\"mandatory-row\">\r\n            <span class=\"mandatory-label\">Math\u00e9matiques<\/span>\r\n            <span class=\"mandatory-value\">5 p.<\/span>\r\n        <\/div>\r\n\r\n        <div class=\"mandatory-row\">\r\n            <span class=\"mandatory-label\">Sciences<\/span>\r\n            <span class=\"mandatory-value\">3 p.<\/span>\r\n        <\/div>\r\n    <\/div>\r\n\r\n    <div class=\"mandatory-total-line\">\r\n        <span class=\"total-label\">Total<\/span>\r\n        <span class=\"total-value\">25 p.<\/span>\r\n    <\/div>\r\n\r\n<\/section>\t\t\t\t<\/div>\n\t\t\t\t<\/div>\n\t\t\t\t<div class=\"elementor-element elementor-element-8ec0360 elementor-widget elementor-widget-html\" data-id=\"8ec0360\" data-element_type=\"widget\" data-e-type=\"widget\" data-widget_type=\"html.default\">\n\t\t\t\t<div class=\"elementor-widget-container\">\n\t\t\t\t\t<section class=\"formation-optionnelle-modern\">\r\n    <h2>Formation optionnelle<\/h2>\r\n\r\n    <div class=\"grid-options-card\">\r\n\r\n        <!-- Ligne 1 -->\r\n        <div class=\"option-row option-row-2\">\r\n            <div class=\"option-box\">\r\n                <div class=\"option-content\">\r\n                    <div class=\"option-title\">Langue moderne II N\u00e9erlandais<\/div>\r\n                    <div class=\"option-hours\">(4h)<\/div>\r\n                <\/div>\r\n            <\/div>\r\n\r\n            <div class=\"option-box\">\r\n                <div class=\"option-content\">\r\n                    <div class=\"option-title\">Langue moderne II Anglais<\/div>\r\n                    <div class=\"option-hours\">(4h)<\/div>\r\n                <\/div>\r\n            <\/div>\r\n\r\n            <div class=\"option-side\">\r\n                <span class=\"badge-hours\">+4h<\/span>\r\n            <\/div>\r\n        <\/div>\r\n\r\n        <!-- Ligne 2 -->\r\n        <div class=\"option-row option-row-3\">\r\n            <div class=\"option-box\">\r\n                <div class=\"option-content\">\r\n                    <div class=\"option-title\">Sciences \u00e9conomiques<\/div>\r\n                    <div class=\"option-hours\">(4h)<\/div>\r\n                <\/div>\r\n            <\/div>\r\n\r\n            <div class=\"option-box\">\r\n                <div class=\"option-content\">\r\n                    <div class=\"option-title\">Sciences sociales<\/div>\r\n                    <div class=\"option-hours\">(4h)<\/div>\r\n                <\/div>\r\n            <\/div>\r\n\r\n            <div class=\"option-box\">\r\n                <div class=\"option-content\">\r\n                    <div class=\"option-title\">Latin<\/div>\r\n                    <div class=\"option-hours\">(4h)<\/div>\r\n                <\/div>\r\n            <\/div>\r\n\r\n            <div class=\"option-side\">\r\n                <span class=\"badge-hours\">+4h<\/span>\r\n            <\/div>\r\n        <\/div>\r\n\r\n        <!-- Ligne 3 -->\r\n        <div class=\"option-row option-row-1\">\r\n            <div class=\"option-box option-box-full\">\r\n                <div class=\"option-content\">\r\n                    <div class=\"option-title\">Sciences 5<\/div>\r\n                    <div class=\"option-subtitle\">3h d\u00e9j\u00e0 dans la formation commune<\/div>\r\n                    <div class=\"option-hours\">(2h)<\/div>\r\n                <\/div>\r\n            <\/div>\r\n\r\n            <div class=\"option-side\">\r\n                <span class=\"badge-hours\">+2h<\/span>\r\n            <\/div>\r\n        <\/div>\r\n\r\n        <!-- Ligne 4 -->\r\n        <div class=\"option-row option-row-5\">\r\n            <div class=\"option-box\">\r\n                <div class=\"option-content\">\r\n                    <div class=\"option-title\">D\u00e9veloppement durable<\/div>\r\n                    <div class=\"option-hours\">(2h)<\/div>\r\n                <\/div>\r\n            <\/div>\r\n\r\n            <div class=\"option-box\">\r\n                <div class=\"option-content\">\r\n                    <div class=\"option-title\">Informatique<\/div>\r\n                    <div class=\"option-hours\">(2h)<\/div>\r\n                <\/div>\r\n            <\/div>\r\n\r\n            <div class=\"option-box\">\r\n                <div class=\"option-content\">\r\n                    <div class=\"option-title\">Grec<\/div>\r\n                    <div class=\"option-hours\">(2h)<\/div>\r\n                <\/div>\r\n            <\/div>\r\n\r\n            <div class=\"option-box\">\r\n                <div class=\"option-content\">\r\n                    <div class=\"option-title\">Sports<\/div>\r\n                    <div class=\"option-hours\">(2h)<\/div>\r\n                <\/div>\r\n            <\/div>\r\n\r\n            <div class=\"option-box\">\r\n                <div class=\"option-content\">\r\n                    <div class=\"option-title\">Culture<\/div>\r\n                    <div class=\"option-hours\">(2h)<\/div>\r\n                <\/div>\r\n            <\/div>\r\n\r\n            <div class=\"option-side\">\r\n                <span class=\"badge-hours\">+2h<\/span>\r\n            <\/div>\r\n        <\/div>\r\n\r\n    <\/div>\r\n\r\n    <div class=\"option-total-line\">\r\n        <span>Total<\/span>\r\n        <span>28 \u00e0 32 p.<\/span>\r\n    <\/div>\r\n\r\n<\/section>\t\t\t\t<\/div>\n\t\t\t\t<\/div>\n\t\t\t\t\t<\/div>\n\t\t\t\t<\/div>\n\t\t\t\t\t<\/div>\n\t\t\t\t<\/div>\n\t\t<div class=\"elementor-element elementor-element-e58f434 e-flex e-con-boxed e-con e-parent\" data-id=\"e58f434\" data-element_type=\"container\" data-e-type=\"container\">\n\t\t\t\t\t<div class=\"e-con-inner\">\n\t\t<div class=\"elementor-element elementor-element-e3fd694 e-con-full e-flex e-con e-child\" data-id=\"e3fd694\" data-element_type=\"container\" data-e-type=\"container\">\n\t\t\t\t<div class=\"elementor-element elementor-element-5a771f7 elementor-view-default elementor-widget elementor-widget-icon\" data-id=\"5a771f7\" data-element_type=\"widget\" data-e-type=\"widget\" data-widget_type=\"icon.default\">\n\t\t\t\t<div class=\"elementor-widget-container\">\n\t\t\t\t\t\t\t<div class=\"elementor-icon-wrapper\">\n\t\t\t<div class=\"elementor-icon\">\n\t\t\t<svg aria-hidden=\"true\" class=\"e-font-icon-svg e-fas-info-circle\" viewBox=\"0 0 512 512\" xmlns=\"http:\/\/www.w3.org\/2000\/svg\"><path d=\"M256 8C119.043 8 8 119.083 8 256c0 136.997 111.043 248 248 248s248-111.003 248-248C504 119.083 392.957 8 256 8zm0 110c23.196 0 42 18.804 42 42s-18.804 42-42 42-42-18.804-42-42 18.804-42 42-42zm56 254c0 6.627-5.373 12-12 12h-88c-6.627 0-12-5.373-12-12v-24c0-6.627 5.373-12 12-12h12v-64h-12c-6.627 0-12-5.373-12-12v-24c0-6.627 5.373-12 12-12h64c6.627 0 12 5.373 12 12v100h12c6.627 0 12 5.373 12 12v24z\"><\/path><\/svg>\t\t\t<\/div>\n\t\t<\/div>\n\t\t\t\t\t\t<\/div>\n\t\t\t\t<\/div>\n\t\t\t\t<div class=\"elementor-element elementor-element-3a9f0ef elementor-widget elementor-widget-text-editor\" data-id=\"3a9f0ef\" data-element_type=\"widget\" data-e-type=\"widget\" data-widget_type=\"text-editor.default\">\n\t\t\t\t<div class=\"elementor-widget-container\">\n\t\t\t\t\t\t\t\t\t<p>*Une option de base obligatoire minimum<br \/>*Ouverture des activit\u00e9s compl\u00e9mentaires soumises \u00e0 un minimum d&rsquo;\u00e9l\u00e8ves<br \/>Certaines combinaisons d\u2019options et d\u2019activit\u00e9s compl\u00e9mentaires ne seront pas possibles.<\/p>\t\t\t\t\t\t\t\t<\/div>\n\t\t\t\t<\/div>\n\t\t\t\t<\/div>\n\t\t\t\t\t<\/div>\n\t\t\t\t<\/div>\n\t\t\t\t<\/div>\n\t\t","protected":false},"excerpt":{"rendered":"<p>3\u00e8me et 4\u00e8me ann\u00e9es 2\u00e8me ann\u00e9e 5\u00e8me &amp; 6\u00e8me ann\u00e9e Le deuxi\u00e8me degr\u00e9 ou degr\u00e9 d\u2019orientation : fort des acquisitions du 1er degr\u00e9, l\u2019\u00e9l\u00e8ve qui choisit la fili\u00e8re de l\u2019enseignement g\u00e9n\u00e9ral s\u2019engage dans une formation qui compte des disciplines relevant de la formation commune et choisit ses options en fonction de ses go\u00fbts et aptitudes. [&hellip;]<\/p>\n","protected":false},"author":1,"featured_media":0,"parent":280,"menu_order":0,"comment_status":"closed","ping_status":"closed","template":"","meta":{"iawp_total_views":1677,"footnotes":""},"class_list":["post-286","page","type-page","status-publish","hentry"],"_links":{"self":[{"href":"https:\/\/saintremaclestavelot.be\/secondaire\/wp-json\/wp\/v2\/pages\/286","targetHints":{"allow":["GET"]}}],"collection":[{"href":"https:\/\/saintremaclestavelot.be\/secondaire\/wp-json\/wp\/v2\/pages"}],"about":[{"href":"https:\/\/saintremaclestavelot.be\/secondaire\/wp-json\/wp\/v2\/types\/page"}],"author":[{"embeddable":true,"href":"https:\/\/saintremaclestavelot.be\/secondaire\/wp-json\/wp\/v2\/users\/1"}],"replies":[{"embeddable":true,"href":"https:\/\/saintremaclestavelot.be\/secondaire\/wp-json\/wp\/v2\/comments?post=286"}],"version-history":[{"count":80,"href":"https:\/\/saintremaclestavelot.be\/secondaire\/wp-json\/wp\/v2\/pages\/286\/revisions"}],"predecessor-version":[{"id":9725,"href":"https:\/\/saintremaclestavelot.be\/secondaire\/wp-json\/wp\/v2\/pages\/286\/revisions\/9725"}],"up":[{"embeddable":true,"href":"https:\/\/saintremaclestavelot.be\/secondaire\/wp-json\/wp\/v2\/pages\/280"}],"wp:attachment":[{"href":"https:\/\/saintremaclestavelot.be\/secondaire\/wp-json\/wp\/v2\/media?parent=286"}],"curies":[{"name":"wp","href":"https:\/\/api.w.org\/{rel}","templated":true}]}}